{"id":7757,"date":"2025-03-13T14:56:22","date_gmt":"2025-03-13T14:56:22","guid":{"rendered":"https:\/\/solidus-shoes.de\/agb\/"},"modified":"2026-01-27T08:50:24","modified_gmt":"2026-01-27T08:50:24","slug":"algemene-voorwaarden","status":"publish","type":"page","link":"https:\/\/www.solidus.info\/nl\/algemene-voorwaarden\/","title":{"rendered":"Algemene Voorwaarden"},"content":{"rendered":"\t\t<div data-elementor-type=\"wp-page\" data-elementor-id=\"7757\" class=\"elementor elementor-7757 elementor-640\" data-elementor-post-type=\"page\">\n\t\t\t\t<div class=\"elementor-element elementor-element-7e064d2 e-flex e-con-boxed e-con e-parent\" data-id=\"7e064d2\" data-element_type=\"container\" data-e-type=\"container\">\n\t\t\t\t\t<div class=\"e-con-inner\">\n\t\t\t\t<div class=\"elementor-element elementor-element-7ab61d4 elementor-widget elementor-widget-heading\" data-id=\"7ab61d4\" data-element_type=\"widget\" data-e-type=\"widget\" data-widget_type=\"heading.default\">\n\t\t\t\t<div class=\"elementor-widget-container\">\n\t\t\t\t\t<h2 class=\"elementor-heading-title elementor-size-default\">AV<\/h2>\t\t\t\t<\/div>\n\t\t\t\t<\/div>\n\t\t\t\t<div class=\"elementor-element elementor-element-4b427c3 elementor-widget elementor-widget-text-editor\" data-id=\"4b427c3\" data-element_type=\"widget\" data-e-type=\"widget\" data-widget_type=\"text-editor.default\">\n\t\t\t\t<div class=\"elementor-widget-container\">\n\t\t\t\t\t\t\t\t\t<p data-start=\"0\" data-end=\"49\"><strong data-start=\"0\" data-end=\"29\">Algemene voorwaarden (AV)<\/strong><br data-start=\"29\" data-end=\"32\" \/><strong data-start=\"32\" data-end=\"49\">Inhoudsopgave<\/strong><\/p><p data-start=\"51\" data-end=\"76\">Algemene voorwaarden (AV)<\/p><p data-start=\"78\" data-end=\"91\">Inhoudsopgave<\/p><p data-start=\"93\" data-end=\"461\">I. Toepassingsgebied, contractspartner, klantenservice<br data-start=\"147\" data-end=\"150\" \/>II. Totstandkoming van de overeenkomst<br data-start=\"188\" data-end=\"191\" \/>III. Herroepingsrecht<br data-start=\"212\" data-end=\"215\" \/>IV. Leveringsvoorwaarden<br data-start=\"239\" data-end=\"242\" \/>V. Betalingsvoorwaarden<br data-start=\"265\" data-end=\"268\" \/>VI. Eigendomsvoorbehoud<br data-start=\"291\" data-end=\"294\" \/>VII. Garantie en wettelijke conformiteit<br data-start=\"334\" data-end=\"337\" \/>VIII. Geschillencommissie voor consumenten<br data-start=\"379\" data-end=\"382\" \/>IX. Onlinegeschillenbeslechting<br data-start=\"413\" data-end=\"416\" \/>X. Toepasselijk recht en bevoegde rechtbank<\/p><hr data-start=\"463\" data-end=\"466\" \/><h2 data-start=\"468\" data-end=\"525\">I. Toepassingsgebied, contractspartner, klantenservice<\/h2><p data-start=\"527\" data-end=\"777\">(1) De onderstaande algemene voorwaarden (hierna: \u201cAV\u201d) zijn van toepassing op alle overeenkomsten die via de online shop van MARC Shoes &amp; Fashion GmbH worden gesloten. De imagosite van Solidus dient uitsluitend ter informatie en is geen online shop.<\/p><p data-start=\"779\" data-end=\"835\">(2) Contractspartner voor aankopen in de online shop is:<\/p><p data-start=\"837\" data-end=\"1199\">MARC Shoes &amp; Fashion GmbH<br data-start=\"862\" data-end=\"865\" \/>Albin-May-Stra\u00dfe 3<br data-start=\"883\" data-end=\"886\" \/>07937 Zeulenroda-Triebes<br data-start=\"910\" data-end=\"913\" \/>Duitsland<br data-start=\"922\" data-end=\"925\" \/>Telefoon: +49 36628 66 59 11<br data-start=\"953\" data-end=\"956\" \/>Fax: +49 36628 66 59 19<br data-start=\"979\" data-end=\"982\" \/>E-mail: <a class=\"decorated-link cursor-pointer\" rel=\"noopener\" data-start=\"990\" data-end=\"1008\">info@marcshoes.com<\/a><br data-start=\"1008\" data-end=\"1011\" \/>Website: <a class=\"decorated-link\" href=\"http:\/\/www.shoesandfashion.com\" target=\"_new\" rel=\"noopener\" data-start=\"1020\" data-end=\"1043\">www.shoesandfashion.com<\/a><br data-start=\"1043\" data-end=\"1046\" \/>Algemeen directeur: Romina Regener<br data-start=\"1080\" data-end=\"1083\" \/>Rechtbank van koophandel: Amtsgericht Jena<br data-start=\"1125\" data-end=\"1128\" \/>Registratienummer: HRB 513 957<br data-start=\"1158\" data-end=\"1161\" \/>BTW-identificatienummer: DE254982556<\/p><p data-start=\"1201\" data-end=\"1354\">(3) De klantenservice is bereikbaar van maandag tot en met vrijdag tussen 09:00 en 17:00 uur via +49 36628 66 59 11 of per e-mail via <a class=\"decorated-link cursor-pointer\" rel=\"noopener\" data-start=\"1335\" data-end=\"1353\">info@marcshoes.com<\/a>.<\/p><hr data-start=\"1356\" data-end=\"1359\" \/><h2 data-start=\"1361\" data-end=\"1402\">II. Totstandkoming van de overeenkomst<\/h2><p data-start=\"1404\" data-end=\"1551\">(1) De presentatie van producten op de website vormt geen juridisch bindend aanbod, maar een uitnodiging aan de klant om een aanbod uit te brengen.<\/p><p data-start=\"1553\" data-end=\"1612\">(2) De overeenkomst komt tot stand via de volgende stappen:<\/p><p data-start=\"1614\" data-end=\"2070\">Selectie van producten en toevoegen aan de winkelwagen<br data-start=\"1668\" data-end=\"1671\" \/>Invoer van klantgegevens en keuze van betaalmethode<br data-start=\"1722\" data-end=\"1725\" \/>Controle en bevestiging van de bestelling<br data-start=\"1766\" data-end=\"1769\" \/>Het uitbrengen van een bindend aanbod door te klikken op de knop \u201cBetalingsplichtig bestellen\u201d<br data-start=\"1863\" data-end=\"1866\" \/>Bevestiging van ontvangst van de bestelling per e-mail (geen aanvaarding van de overeenkomst)<br data-start=\"1959\" data-end=\"1962\" \/>Aanvaarding van de overeenkomst door een afzonderlijke orderbevestiging of door verzending van de goederen<\/p><p data-start=\"2072\" data-end=\"2163\">(3) De contracttekst wordt niet opgeslagen en kan na afronding niet meer worden opgevraagd.<\/p><p data-start=\"2165\" data-end=\"2194\">(4) De contracttaal is Duits.<\/p><hr data-start=\"2196\" data-end=\"2199\" \/><h2 data-start=\"2201\" data-end=\"2225\">III. Herroepingsrecht<\/h2><p data-start=\"2227\" data-end=\"2367\">Als je consument bent in de zin van \u00a7 13 BGB, heb je een wettelijk herroepingsrecht. Meer informatie vind je in onze herroepingsinstructies.<\/p><hr data-start=\"2369\" data-end=\"2372\" \/><h2 data-start=\"2374\" data-end=\"2401\">IV. Leveringsvoorwaarden<\/h2><p data-start=\"2403\" data-end=\"2466\">(1) Levering vindt plaats op het door de klant opgegeven adres.<\/p><p data-start=\"2468\" data-end=\"2546\">(2) Levertijd: 2\u20134 werkdagen, tenzij anders vermeld in de productbeschrijving.<\/p><p data-start=\"2548\" data-end=\"2577\">(3) Afhalen is niet mogelijk.<\/p><hr data-start=\"2579\" data-end=\"2582\" \/><h2 data-start=\"2584\" data-end=\"2610\">V. Betalingsvoorwaarden<\/h2><p data-start=\"2612\" data-end=\"2656\">De volgende betaalmethoden zijn beschikbaar:<\/p><p data-start=\"2658\" data-end=\"2800\">(1) Creditcard (VISA, MasterCard, Maestro) via de betaaldienstverlener Wallee AG, General-Guisan-Strasse 47, CH-8400 Winterthur (Zwitserland).<\/p><p data-start=\"2802\" data-end=\"2906\">(2) PayPal (PayPal-account of gastbetaling via creditcard, automatische incasso of aankoop op rekening).<\/p><p data-start=\"2908\" data-end=\"2978\">(3) Sofort\u00fcberweisung (Klarna) \u2013 directe betaling via onlinebankieren.<\/p><p data-start=\"2980\" data-end=\"3080\">(4) Apple Pay \/ Google Pay \u2013 betaling via het mobiele betalingssysteem van de betreffende aanbieder.<\/p><p data-start=\"3082\" data-end=\"3182\">Meer details over de betalingsafhandeling vind je in de AV van de betreffende betaaldienstverleners.<\/p><hr data-start=\"3184\" data-end=\"3187\" \/><h2 data-start=\"3189\" data-end=\"3215\">VI. Eigendomsvoorbehoud<\/h2><p data-start=\"3217\" data-end=\"3316\">De goederen blijven eigendom van MARC Shoes &amp; Fashion GmbH totdat de volledige betaling is voldaan.<\/p><hr data-start=\"3318\" data-end=\"3321\" \/><h2 data-start=\"3323\" data-end=\"3366\">VII. Garantie en wettelijke conformiteit<\/h2><p data-start=\"3368\" data-end=\"3446\">(1) De wettelijke garantierechten conform \u00a7\u00a7 434 e.v. BGB zijn van toepassing.<\/p><p data-start=\"3448\" data-end=\"3670\">(2) Als de goederen zichtbare transportschade vertonen, verzoeken wij je dit bij de bezorger te melden en ons hierover te informeren. Dit is echter geen voorwaarde voor het doen gelden van garantie- of conformiteitsclaims.<\/p><hr data-start=\"3672\" data-end=\"3675\" \/><h2 data-start=\"3677\" data-end=\"3722\">VIII. Geschillencommissie voor consumenten<\/h2><p data-start=\"3724\" data-end=\"3859\">Wij zijn niet bereid en niet verplicht om deel te nemen aan geschillenbeslechtingsprocedures voor een consumentenbemiddelingsinstantie.<\/p><hr data-start=\"3861\" data-end=\"3864\" \/><h2 data-start=\"3866\" data-end=\"3900\">IX. Onlinegeschillenbeslechting<\/h2><p data-start=\"3902\" data-end=\"4029\">De Europese Commissie biedt een platform voor onlinegeschillenbeslechting (ODR-platform):<br data-start=\"3991\" data-end=\"3994\" \/><a class=\"decorated-link\" href=\"https:\/\/ec.europa.eu\/consumers\/odr\/\" target=\"_new\" rel=\"noopener\" data-start=\"3994\" data-end=\"4029\">https:\/\/ec.europa.eu\/consumers\/odr\/<\/a><\/p><hr data-start=\"4031\" data-end=\"4034\" \/><h2 data-start=\"4036\" data-end=\"4082\">X. Toepasselijk recht en bevoegde rechtbank<\/h2><p data-start=\"4084\" data-end=\"4186\">(1) Het recht van de Bondsrepubliek Duitsland is van toepassing, met uitsluiting van het VN-kooprecht.<\/p><p data-start=\"4188\" data-end=\"4270\" data-is-last-node=\"\" data-is-only-node=\"\">(2) Voor handelaren en rechtspersonen is Zeulenroda-Triebes de bevoegde rechtbank.<\/p>\t\t\t\t\t\t\t\t<\/div>\n\t\t\t\t<\/div>\n\t\t\t\t\t<\/div>\n\t\t\t\t<\/div>\n\t\t\t\t<\/div>\n\t\t","protected":false},"excerpt":{"rendered":"<p>AV Algemene voorwaarden (AV)Inhoudsopgave Algemene voorwaarden (AV) Inhoudsopgave I. Toepassingsgebied, contractspartner, klantenserviceII. Totstandkoming van de overeenkomstIII. HerroepingsrechtIV. LeveringsvoorwaardenV. BetalingsvoorwaardenVI. EigendomsvoorbehoudVII. [&hellip;]<\/p>\n","protected":false},"author":1,"featured_media":0,"parent":0,"menu_order":0,"comment_status":"closed","ping_status":"closed","template":"","meta":{"site-sidebar-layout":"no-sidebar","site-content-layout":"","ast-site-content-layout":"full-width-container","site-content-style":"default","site-sidebar-style":"default","ast-global-header-display":"","ast-banner-title-visibility":"","ast-main-header-display":"","ast-hfb-above-header-display":"","ast-hfb-below-header-display":"","ast-hfb-mobile-header-display":"","site-post-title":"disabled","ast-breadcrumbs-content":"","ast-featured-img":"disabled","footer-sml-layout":"","ast-disable-related-posts":"","theme-transparent-header-meta":"","adv-header-id-meta":"","stick-header-meta":"","header-above-stick-meta":"","header-main-stick-meta":"","header-below-stick-meta":"","astra-migrate-meta-layouts":"default","ast-page-background-enabled":"default","ast-page-background-meta":{"desktop":{"background-color":"var(--ast-global-color-5)","background-image":"","background-repeat":"repeat","background-position":"center center","background-size":"auto","background-attachment":"scroll","background-type":"","background-media":"","overlay-type":"","overlay-color":"","overlay-opacity":"","overlay-gradient":""},"tablet":{"background-color":"","background-image":"","background-repeat":"repeat","background-position":"center center","background-size":"auto","background-attachment":"scroll","background-type":"","background-media":"","overlay-type":"","overlay-color":"","overlay-opacity":"","overlay-gradient":""},"mobile":{"background-color":"","background-image":"","background-repeat":"repeat","background-position":"center center","background-size":"auto","background-attachment":"scroll","background-type":"","background-media":"","overlay-type":"","overlay-color":"","overlay-opacity":"","overlay-gradient":""}},"ast-content-background-meta":{"desktop":{"background-color":"var(--ast-global-color-4)","background-image":"","background-repeat":"repeat","background-position":"center center","background-size":"auto","background-attachment":"scroll","background-type":"","background-media":"","overlay-type":"","overlay-color":"","overlay-opacity":"","overlay-gradient":""},"tablet":{"background-color":"var(--ast-global-color-4)","background-image":"","background-repeat":"repeat","background-position":"center center","background-size":"auto","background-attachment":"scroll","background-type":"","background-media":"","overlay-type":"","overlay-color":"","overlay-opacity":"","overlay-gradient":""},"mobile":{"background-color":"var(--ast-global-color-4)","background-image":"","background-repeat":"repeat","background-position":"center center","background-size":"auto","background-attachment":"scroll","background-type":"","background-media":"","overlay-type":"","overlay-color":"","overlay-opacity":"","overlay-gradient":""}},"_themeisle_gutenberg_block_has_review":false,"footnotes":""},"class_list":["post-7757","page","type-page","status-publish","hentry"],"yoast_head":"<!-- This site is optimized with the Yoast SEO Premium plugin v27.3 (Yoast SEO v27.3) - https:\/\/yoast.com\/product\/yoast-seo-premium-wordpress\/ -->\n<title>Allgemeine Gesch\u00e4ftsbedingungen \u2013 Solidus<\/title>\n<meta name=\"description\" content=\"Hier findest du die Solidus AGB mit allen Infos zu Bestellung, Versand, R\u00fcckgabe und gesetzlichen Rechten\" \/>\n<meta name=\"robots\" content=\"index, follow, max-snippet:-1, max-image-preview:large, max-video-preview:-1\" \/>\n<link rel=\"canonical\" href=\"https:\/\/www.solidus.info\/nl\/algemene-voorwaarden\/\" \/>\n<meta property=\"og:locale\" content=\"nl_NL\" \/>\n<meta property=\"og:type\" content=\"article\" \/>\n<meta property=\"og:title\" content=\"Algemene Voorwaarden - Solidus Schuhe\" \/>\n<meta property=\"og:description\" content=\"Entdecke Algemene Voorwaarden von Solidus \u2013 hochwertige Bequemschuhe mit perfekter Passform, weichen Materialien und sp\u00fcrbarem Komfort f\u00fcr Deinen Alltag.\" \/>\n<meta property=\"og:url\" content=\"https:\/\/www.solidus.info\/nl\/algemene-voorwaarden\/\" \/>\n<meta property=\"og:site_name\" content=\"Solidus Schuhe\" \/>\n<meta property=\"article:publisher\" content=\"https:\/\/de-de.facebook.com\/solidusschuhe\/\" \/>\n<meta property=\"article:modified_time\" content=\"2026-01-27T08:50:24+00:00\" \/>\n<meta property=\"og:image\" content=\"https:\/\/www.solidus.info\/wp-content\/uploads\/2026\/03\/Karima_45800_10343-70-scaled.jpg\" \/>\n\t<meta property=\"og:image:width\" content=\"2560\" \/>\n\t<meta property=\"og:image:height\" content=\"1706\" \/>\n\t<meta property=\"og:image:type\" content=\"image\/jpeg\" \/>\n<meta name=\"twitter:card\" content=\"summary_large_image\" \/>\n<meta name=\"twitter:label1\" content=\"Geschatte leestijd\" \/>\n\t<meta name=\"twitter:data1\" content=\"3 minuten\" \/>\n<script type=\"application\/ld+json\" class=\"yoast-schema-graph\">{\"@context\":\"https:\\\/\\\/schema.org\",\"@graph\":[{\"@type\":\"WebPage\",\"@id\":\"https:\\\/\\\/www.solidus.info\\\/nl\\\/algemene-voorwaarden\\\/\",\"url\":\"https:\\\/\\\/www.solidus.info\\\/nl\\\/algemene-voorwaarden\\\/\",\"name\":\"Allgemeine Gesch\u00e4ftsbedingungen \u2013 Solidus\",\"isPartOf\":{\"@id\":\"https:\\\/\\\/www.solidus.info\\\/nl\\\/wordpress\\\/#website\"},\"datePublished\":\"2025-03-13T14:56:22+00:00\",\"dateModified\":\"2026-01-27T08:50:24+00:00\",\"description\":\"Hier findest du die Solidus AGB mit allen Infos zu Bestellung, Versand, R\u00fcckgabe und gesetzlichen Rechten\",\"breadcrumb\":{\"@id\":\"https:\\\/\\\/www.solidus.info\\\/nl\\\/algemene-voorwaarden\\\/#breadcrumb\"},\"inLanguage\":\"nl-NL\",\"potentialAction\":[{\"@type\":\"ReadAction\",\"target\":[\"https:\\\/\\\/www.solidus.info\\\/nl\\\/algemene-voorwaarden\\\/\"]}]},{\"@type\":\"BreadcrumbList\",\"@id\":\"https:\\\/\\\/www.solidus.info\\\/nl\\\/algemene-voorwaarden\\\/#breadcrumb\",\"itemListElement\":[{\"@type\":\"ListItem\",\"position\":1,\"name\":\"Start\",\"item\":\"https:\\\/\\\/www.solidus.info\\\/nl\\\/\"},{\"@type\":\"ListItem\",\"position\":2,\"name\":\"Algemene Voorwaarden\"}]},{\"@type\":\"WebSite\",\"@id\":\"https:\\\/\\\/www.solidus.info\\\/nl\\\/wordpress\\\/#website\",\"url\":\"https:\\\/\\\/www.solidus.info\\\/nl\\\/wordpress\\\/\",\"name\":\"Solidus Schuhe\",\"description\":\"Entdecke die bequemen und hochwertigen Schuhe von Solidus. Perfekt f\u00fcr empfindliche F\u00fc\u00dfe, orthop\u00e4dische Einlagen und maximalen Komfort. Finde jetzt deine neuen Lieblingsschuhe!\",\"publisher\":{\"@id\":\"https:\\\/\\\/www.solidus.info\\\/nl\\\/wordpress\\\/#organization\"},\"alternateName\":\"Solidschuhwerk GmbH\",\"potentialAction\":[{\"@type\":\"SearchAction\",\"target\":{\"@type\":\"EntryPoint\",\"urlTemplate\":\"https:\\\/\\\/www.solidus.info\\\/nl\\\/wordpress\\\/?s={search_term_string}\"},\"query-input\":{\"@type\":\"PropertyValueSpecification\",\"valueRequired\":true,\"valueName\":\"search_term_string\"}}],\"inLanguage\":\"nl-NL\"},{\"@type\":[\"Organization\",\"Place\"],\"@id\":\"https:\\\/\\\/www.solidus.info\\\/nl\\\/wordpress\\\/#organization\",\"name\":\"Solidschuhwerk GmbH\",\"alternateName\":\"Solidus\",\"url\":\"https:\\\/\\\/www.solidus.info\\\/nl\\\/wordpress\\\/\",\"logo\":{\"@id\":\"https:\\\/\\\/www.solidus.info\\\/nl\\\/algemene-voorwaarden\\\/#local-main-organization-logo\"},\"image\":{\"@id\":\"https:\\\/\\\/www.solidus.info\\\/nl\\\/algemene-voorwaarden\\\/#local-main-organization-logo\"},\"sameAs\":[\"https:\\\/\\\/de-de.facebook.com\\\/solidusschuhe\\\/\",\"https:\\\/\\\/www.instagram.com\\\/solidus_schuhe\\\/\",\"https:\\\/\\\/www.youtube.com\\\/channel\\\/UCkv6kZdHhJoNYI4Y0uu7naw\",\"https:\\\/\\\/de.linkedin.com\\\/company\\\/solidschuhwerk\"],\"description\":\"Solidus ist ein traditionsreicher deutscher Bequemschuhhersteller mit Sitz in Tuttlingen. Das Unternehmen entwickelt und produziert hochwertige Komfortschuhe, die auf Passform, Stabilit\u00e4t und sp\u00fcrbare Entlastung im Alltag ausgelegt sind \u2013 auch f\u00fcr sensible F\u00fc\u00dfe und besondere Anforderungen. Im Mittelpunkt stehen langlebige Materialien, sorgf\u00e4ltige Verarbeitung und ein hoher Qualit\u00e4tsanspruch \u201eMade in Europe\u201c. Solidus arbeitet eng mit dem Fachhandel zusammen und verbindet bew\u00e4hrtes Handwerk mit modernen Produktions- und Qualit\u00e4tsstandards.\",\"legalName\":\"Solidschuhwerk GmbH\",\"foundingDate\":\"1910-01-01\",\"numberOfEmployees\":{\"@type\":\"QuantitativeValue\",\"minValue\":\"11\",\"maxValue\":\"50\"},\"address\":{\"@id\":\"https:\\\/\\\/www.solidus.info\\\/nl\\\/algemene-voorwaarden\\\/#local-main-place-address\"},\"geo\":{\"@type\":\"GeoCoordinates\",\"latitude\":\"47.98034890735268\",\"longitude\":\"8.81216515766976\"},\"telephone\":[\"0746196120\"],\"openingHoursSpecification\":[{\"@type\":\"OpeningHoursSpecification\",\"dayOfWeek\":[\"Monday\",\"Tuesday\",\"Wednesday\",\"Thursday\",\"Friday\",\"Saturday\",\"Sunday\"],\"opens\":\"09:00\",\"closes\":\"17:00\"}],\"email\":\"info@solidus.info\"},{\"@type\":\"PostalAddress\",\"@id\":\"https:\\\/\\\/www.solidus.info\\\/nl\\\/algemene-voorwaarden\\\/#local-main-place-address\",\"streetAddress\":\"Ehrenbergstra\u00dfe 18\",\"addressLocality\":\"Tuttlingen\",\"postalCode\":\"78532\",\"addressRegion\":\"Baden-W\u00fcrttemberg\",\"addressCountry\":\"DE\"},{\"@type\":\"ImageObject\",\"inLanguage\":\"nl-NL\",\"@id\":\"https:\\\/\\\/www.solidus.info\\\/nl\\\/algemene-voorwaarden\\\/#local-main-organization-logo\",\"url\":\"https:\\\/\\\/www.solidus.info\\\/wp-content\\\/uploads\\\/2025\\\/03\\\/Solidus_Logo_normal_flipping.png\",\"contentUrl\":\"https:\\\/\\\/www.solidus.info\\\/wp-content\\\/uploads\\\/2025\\\/03\\\/Solidus_Logo_normal_flipping.png\",\"width\":1000,\"height\":449,\"caption\":\"Solidschuhwerk GmbH\"}]}<\/script>\n<meta name=\"geo.placename\" content=\"Tuttlingen\" \/>\n<meta name=\"geo.position\" content=\"47.98034890735268;8.81216515766976\" \/>\n<meta name=\"geo.region\" content=\"Duitsland\" \/>\n<!-- \/ Yoast SEO Premium plugin. -->","yoast_head_json":{"title":"Allgemeine Gesch\u00e4ftsbedingungen \u2013 Solidus","description":"Hier findest du die Solidus AGB mit allen Infos zu Bestellung, Versand, R\u00fcckgabe und gesetzlichen Rechten","robots":{"index":"index","follow":"follow","max-snippet":"max-snippet:-1","max-image-preview":"max-image-preview:large","max-video-preview":"max-video-preview:-1"},"canonical":"https:\/\/www.solidus.info\/nl\/algemene-voorwaarden\/","og_locale":"nl_NL","og_type":"article","og_title":"Algemene Voorwaarden - Solidus Schuhe","og_description":"Entdecke Algemene Voorwaarden von Solidus \u2013 hochwertige Bequemschuhe mit perfekter Passform, weichen Materialien und sp\u00fcrbarem Komfort f\u00fcr Deinen Alltag.","og_url":"https:\/\/www.solidus.info\/nl\/algemene-voorwaarden\/","og_site_name":"Solidus Schuhe","article_publisher":"https:\/\/de-de.facebook.com\/solidusschuhe\/","article_modified_time":"2026-01-27T08:50:24+00:00","og_image":[{"width":2560,"height":1706,"url":"https:\/\/www.solidus.info\/wp-content\/uploads\/2026\/03\/Karima_45800_10343-70-scaled.jpg","type":"image\/jpeg"}],"twitter_card":"summary_large_image","twitter_misc":{"Geschatte leestijd":"3 minuten"},"schema":{"@context":"https:\/\/schema.org","@graph":[{"@type":"WebPage","@id":"https:\/\/www.solidus.info\/nl\/algemene-voorwaarden\/","url":"https:\/\/www.solidus.info\/nl\/algemene-voorwaarden\/","name":"Allgemeine Gesch\u00e4ftsbedingungen \u2013 Solidus","isPartOf":{"@id":"https:\/\/www.solidus.info\/nl\/wordpress\/#website"},"datePublished":"2025-03-13T14:56:22+00:00","dateModified":"2026-01-27T08:50:24+00:00","description":"Hier findest du die Solidus AGB mit allen Infos zu Bestellung, Versand, R\u00fcckgabe und gesetzlichen Rechten","breadcrumb":{"@id":"https:\/\/www.solidus.info\/nl\/algemene-voorwaarden\/#breadcrumb"},"inLanguage":"nl-NL","potentialAction":[{"@type":"ReadAction","target":["https:\/\/www.solidus.info\/nl\/algemene-voorwaarden\/"]}]},{"@type":"BreadcrumbList","@id":"https:\/\/www.solidus.info\/nl\/algemene-voorwaarden\/#breadcrumb","itemListElement":[{"@type":"ListItem","position":1,"name":"Start","item":"https:\/\/www.solidus.info\/nl\/"},{"@type":"ListItem","position":2,"name":"Algemene Voorwaarden"}]},{"@type":"WebSite","@id":"https:\/\/www.solidus.info\/nl\/wordpress\/#website","url":"https:\/\/www.solidus.info\/nl\/wordpress\/","name":"Solidus Schuhe","description":"Entdecke die bequemen und hochwertigen Schuhe von Solidus. Perfekt f\u00fcr empfindliche F\u00fc\u00dfe, orthop\u00e4dische Einlagen und maximalen Komfort. Finde jetzt deine neuen Lieblingsschuhe!","publisher":{"@id":"https:\/\/www.solidus.info\/nl\/wordpress\/#organization"},"alternateName":"Solidschuhwerk GmbH","potentialAction":[{"@type":"SearchAction","target":{"@type":"EntryPoint","urlTemplate":"https:\/\/www.solidus.info\/nl\/wordpress\/?s={search_term_string}"},"query-input":{"@type":"PropertyValueSpecification","valueRequired":true,"valueName":"search_term_string"}}],"inLanguage":"nl-NL"},{"@type":["Organization","Place"],"@id":"https:\/\/www.solidus.info\/nl\/wordpress\/#organization","name":"Solidschuhwerk GmbH","alternateName":"Solidus","url":"https:\/\/www.solidus.info\/nl\/wordpress\/","logo":{"@id":"https:\/\/www.solidus.info\/nl\/algemene-voorwaarden\/#local-main-organization-logo"},"image":{"@id":"https:\/\/www.solidus.info\/nl\/algemene-voorwaarden\/#local-main-organization-logo"},"sameAs":["https:\/\/de-de.facebook.com\/solidusschuhe\/","https:\/\/www.instagram.com\/solidus_schuhe\/","https:\/\/www.youtube.com\/channel\/UCkv6kZdHhJoNYI4Y0uu7naw","https:\/\/de.linkedin.com\/company\/solidschuhwerk"],"description":"Solidus ist ein traditionsreicher deutscher Bequemschuhhersteller mit Sitz in Tuttlingen. Das Unternehmen entwickelt und produziert hochwertige Komfortschuhe, die auf Passform, Stabilit\u00e4t und sp\u00fcrbare Entlastung im Alltag ausgelegt sind \u2013 auch f\u00fcr sensible F\u00fc\u00dfe und besondere Anforderungen. Im Mittelpunkt stehen langlebige Materialien, sorgf\u00e4ltige Verarbeitung und ein hoher Qualit\u00e4tsanspruch \u201eMade in Europe\u201c. Solidus arbeitet eng mit dem Fachhandel zusammen und verbindet bew\u00e4hrtes Handwerk mit modernen Produktions- und Qualit\u00e4tsstandards.","legalName":"Solidschuhwerk GmbH","foundingDate":"1910-01-01","numberOfEmployees":{"@type":"QuantitativeValue","minValue":"11","maxValue":"50"},"address":{"@id":"https:\/\/www.solidus.info\/nl\/algemene-voorwaarden\/#local-main-place-address"},"geo":{"@type":"GeoCoordinates","latitude":"47.98034890735268","longitude":"8.81216515766976"},"telephone":["0746196120"],"openingHoursSpecification":[{"@type":"OpeningHoursSpecification","dayOfWeek":["Monday","Tuesday","Wednesday","Thursday","Friday","Saturday","Sunday"],"opens":"09:00","closes":"17:00"}],"email":"info@solidus.info"},{"@type":"PostalAddress","@id":"https:\/\/www.solidus.info\/nl\/algemene-voorwaarden\/#local-main-place-address","streetAddress":"Ehrenbergstra\u00dfe 18","addressLocality":"Tuttlingen","postalCode":"78532","addressRegion":"Baden-W\u00fcrttemberg","addressCountry":"DE"},{"@type":"ImageObject","inLanguage":"nl-NL","@id":"https:\/\/www.solidus.info\/nl\/algemene-voorwaarden\/#local-main-organization-logo","url":"https:\/\/www.solidus.info\/wp-content\/uploads\/2025\/03\/Solidus_Logo_normal_flipping.png","contentUrl":"https:\/\/www.solidus.info\/wp-content\/uploads\/2025\/03\/Solidus_Logo_normal_flipping.png","width":1000,"height":449,"caption":"Solidschuhwerk GmbH"}]},"geo.placename":"Tuttlingen","geo.position":{"lat":"47.98034890735268","long":"8.81216515766976"},"geo.region":"Duitsland"},"_links":{"self":[{"href":"https:\/\/www.solidus.info\/nl\/wp-json\/wp\/v2\/pages\/7757","targetHints":{"allow":["GET"]}}],"collection":[{"href":"https:\/\/www.solidus.info\/nl\/wp-json\/wp\/v2\/pages"}],"about":[{"href":"https:\/\/www.solidus.info\/nl\/wp-json\/wp\/v2\/types\/page"}],"author":[{"embeddable":true,"href":"https:\/\/www.solidus.info\/nl\/wp-json\/wp\/v2\/users\/1"}],"replies":[{"embeddable":true,"href":"https:\/\/www.solidus.info\/nl\/wp-json\/wp\/v2\/comments?post=7757"}],"version-history":[{"count":4,"href":"https:\/\/www.solidus.info\/nl\/wp-json\/wp\/v2\/pages\/7757\/revisions"}],"predecessor-version":[{"id":8430,"href":"https:\/\/www.solidus.info\/nl\/wp-json\/wp\/v2\/pages\/7757\/revisions\/8430"}],"wp:attachment":[{"href":"https:\/\/www.solidus.info\/nl\/wp-json\/wp\/v2\/media?parent=7757"}],"curies":[{"name":"wp","href":"https:\/\/api.w.org\/{rel}","templated":true}]}}