{"id":8115,"date":"2025-03-13T15:10:44","date_gmt":"2025-03-13T15:10:44","guid":{"rendered":"https:\/\/solidus-shoes.de\/versandbedingungen\/"},"modified":"2026-01-20T15:44:16","modified_gmt":"2026-01-20T15:44:16","slug":"shipping-conditions","status":"publish","type":"page","link":"https:\/\/www.solidus.info\/en\/shipping-conditions\/","title":{"rendered":"Shipping conditions"},"content":{"rendered":"\t\t<div data-elementor-type=\"wp-page\" data-elementor-id=\"8115\" class=\"elementor elementor-8115 elementor-658\" data-elementor-post-type=\"page\">\n\t\t\t\t<div class=\"elementor-element elementor-element-9b46b62 e-flex e-con-boxed e-con e-parent\" data-id=\"9b46b62\" data-element_type=\"container\" data-e-type=\"container\">\n\t\t\t\t\t<div class=\"e-con-inner\">\n\t\t\t\t<div class=\"elementor-element elementor-element-5298bef elementor-widget elementor-widget-heading\" data-id=\"5298bef\" data-element_type=\"widget\" data-e-type=\"widget\" data-widget_type=\"heading.default\">\n\t\t\t\t<div class=\"elementor-widget-container\">\n\t\t\t\t\t<h2 class=\"elementor-heading-title elementor-size-default\">Versandbedingungen<\/h2>\t\t\t\t<\/div>\n\t\t\t\t<\/div>\n\t\t\t\t<div class=\"elementor-element elementor-element-834c9e4 elementor-widget elementor-widget-text-editor\" data-id=\"834c9e4\" data-element_type=\"widget\" data-e-type=\"widget\" data-widget_type=\"text-editor.default\">\n\t\t\t\t<div class=\"elementor-widget-container\">\n\t\t\t\t\t\t\t\t\t<h2 data-start=\"184\" data-end=\"200\"><strong data-start=\"187\" data-end=\"198\">Versand<\/strong><\/h2>\n<h3 data-start=\"202\" data-end=\"234\"><strong data-start=\"206\" data-end=\"232\">Innerhalb Deutschlands<\/strong><\/h3>\n<p data-start=\"235\" data-end=\"264\"><strong data-start=\"237\" data-end=\"255\">Versandkosten:<\/strong> 0,00 \u20ac<\/p>\n<h3 data-start=\"266\" data-end=\"295\"><strong data-start=\"270\" data-end=\"293\">Versand Zone 1 &#8211; EU<\/strong><\/h3>\n<p data-start=\"296\" data-end=\"493\">(D\u00e4nemark, Frankreich, Monaco, \u00d6sterreich, Polen, Tschechische Republik, Andorra, Italien, San Marino, Schweden, Slowakei, Slowenien, Spanien, Ungarn, Vatikanstadt)<br data-start=\"460\" data-end=\"463\"><strong data-start=\"465\" data-end=\"483\">Versandkosten:<\/strong> 14,80 \u20ac<\/p>\n<h3 data-start=\"495\" data-end=\"528\"><strong data-start=\"499\" data-end=\"526\">Versand Zone 1 &#8211; Non-EU<\/strong><\/h3>\n<p data-start=\"529\" data-end=\"596\">(Liechtenstein, Schweiz, Norwegen)<br data-start=\"563\" data-end=\"566\"><strong data-start=\"568\" data-end=\"586\">Versandkosten:<\/strong> 24,80 \u20ac<\/p>\n<h3 data-start=\"598\" data-end=\"622\"><strong data-start=\"602\" data-end=\"620\">Versand Zone 2<\/strong><\/h3>\n<p data-start=\"623\" data-end=\"689\">(Niederlande, Belgien, Luxemburg)<br data-start=\"656\" data-end=\"659\"><strong data-start=\"661\" data-end=\"679\">Versandkosten:<\/strong> 40,00 \u20ac<\/p>\n<h3 data-start=\"691\" data-end=\"720\"><strong data-start=\"695\" data-end=\"718\">Versand Zone 3 &#8211; EU<\/strong><\/h3>\n<p data-start=\"721\" data-end=\"870\">(Bulgarien, Estland, Finnland, Griechenland, Irland, Kroatien, Lettland, Litauen, Malta, Portugal, Rum\u00e4nien, Zypern)<br data-start=\"837\" data-end=\"840\"><strong data-start=\"842\" data-end=\"860\">Versandkosten:<\/strong> 24,80 \u20ac<\/p>\n<hr data-start=\"872\" data-end=\"875\">\n<h2 data-start=\"877\" data-end=\"906\"><strong data-start=\"880\" data-end=\"904\">Versanddienstleister<\/strong><\/h2>\n<p data-start=\"907\" data-end=\"1121\">Wir versenden mit <strong data-start=\"925\" data-end=\"932\">DHL<\/strong> \u2013 so ist eine Zustellung auch samstags m\u00f6glich. Sobald Ihre Bestellung verschickt wurde, erhalten Sie eine <strong data-start=\"1040\" data-end=\"1058\">Trackingnummer<\/strong>, mit der Sie Ihr Paket bis zur Haust\u00fcr nachverfolgen k\u00f6nnen.<\/p>\n<p data-start=\"1123\" data-end=\"1226\"><strong data-start=\"1125\" data-end=\"1141\">Bearbeitung:<\/strong> Bestellungen werden noch am selben Tag bearbeitet<br data-start=\"1191\" data-end=\"1194\"><strong data-start=\"1196\" data-end=\"1211\">Lieferzeit:<\/strong> 2-4 Werktage<\/p>\n<hr data-start=\"1228\" data-end=\"1231\">\n<h2 data-start=\"1233\" data-end=\"1268\"><strong data-start=\"1236\" data-end=\"1266\">Lieferung an Packstationen<\/strong><\/h2>\n<p data-start=\"1269\" data-end=\"1413\"><strong data-start=\"1272\" data-end=\"1333\">Bestellungen k\u00f6nnen an eine Packstation geliefert werden.<\/strong><br data-start=\"1333\" data-end=\"1336\">Bitte tragen Sie dazu die entsprechenden Adressdaten im Bestellprozess ein.<\/p>\n<hr data-start=\"1415\" data-end=\"1418\">\n<h2 data-start=\"1420\" data-end=\"1437\"><strong data-start=\"1423\" data-end=\"1435\">R\u00fcckgabe<\/strong><\/h2>\n<p data-start=\"1438\" data-end=\"1646\">Falls Sie Artikel zur\u00fcckgeben m\u00f6chten, f\u00fcllen Sie einfach unser <strong data-start=\"1505\" data-end=\"1525\">R\u00fcckgabeformular<\/strong> aus.<br data-start=\"1530\" data-end=\"1533\"><strong data-start=\"1535\" data-end=\"1591\">Kostenlose R\u00fccksendung ab einem Bestellwert von 25 \u20ac<\/strong><br data-start=\"1591\" data-end=\"1594\"><strong data-start=\"1596\" data-end=\"1644\">Sie erhalten ein kostenfreies R\u00fccksendelabel<\/strong><\/p>\n<hr data-start=\"1648\" data-end=\"1651\">\n<h2 data-start=\"1653\" data-end=\"1672\"><strong data-start=\"1656\" data-end=\"1670\">Erstattung<\/strong><\/h2>\n<p data-start=\"1673\" data-end=\"1888\"><strong data-start=\"1676\" data-end=\"1740\">Nach Eingang Ihrer Retoure wird diese gepr\u00fcft und bearbeitet<\/strong>.<br data-start=\"1741\" data-end=\"1744\">Die Bearbeitung dauert in der Regel <strong data-start=\"1783\" data-end=\"1799\">2-4 Werktage<\/strong>. Anschlie\u00dfend erhalten Sie Ihre <strong data-start=\"1832\" data-end=\"1846\">Erstattung<\/strong> \u00fcber die urspr\u00fcngliche Zahlungsmethode.<\/p>\t\t\t\t\t\t\t\t<\/div>\n\t\t\t\t<\/div>\n\t\t\t\t\t<\/div>\n\t\t\t\t<\/div>\n\t\t\t\t<\/div>\n\t\t","protected":false},"excerpt":{"rendered":"<p>Versandbedingungen Versand Innerhalb Deutschlands Versandkosten: 0,00 \u20ac Versand Zone 1 &#8211; EU (D\u00e4nemark, Frankreich, Monaco, \u00d6sterreich, Polen, Tschechische Republik, Andorra, [&hellip;]<\/p>\n","protected":false},"author":1,"featured_media":0,"parent":0,"menu_order":0,"comment_status":"closed","ping_status":"closed","template":"","meta":{"site-sidebar-layout":"no-sidebar","site-content-layout":"","ast-site-content-layout":"full-width-container","site-content-style":"default","site-sidebar-style":"default","ast-global-header-display":"","ast-banner-title-visibility":"","ast-main-header-display":"","ast-hfb-above-header-display":"","ast-hfb-below-header-display":"","ast-hfb-mobile-header-display":"","site-post-title":"disabled","ast-breadcrumbs-content":"","ast-featured-img":"disabled","footer-sml-layout":"","ast-disable-related-posts":"","theme-transparent-header-meta":"","adv-header-id-meta":"","stick-header-meta":"","header-above-stick-meta":"","header-main-stick-meta":"","header-below-stick-meta":"","astra-migrate-meta-layouts":"default","ast-page-background-enabled":"default","ast-page-background-meta":{"desktop":{"background-color":"var(--ast-global-color-5)","background-image":"","background-repeat":"repeat","background-position":"center center","background-size":"auto","background-attachment":"scroll","background-type":"","background-media":"","overlay-type":"","overlay-color":"","overlay-opacity":"","overlay-gradient":""},"tablet":{"background-color":"","background-image":"","background-repeat":"repeat","background-position":"center center","background-size":"auto","background-attachment":"scroll","background-type":"","background-media":"","overlay-type":"","overlay-color":"","overlay-opacity":"","overlay-gradient":""},"mobile":{"background-color":"","background-image":"","background-repeat":"repeat","background-position":"center center","background-size":"auto","background-attachment":"scroll","background-type":"","background-media":"","overlay-type":"","overlay-color":"","overlay-opacity":"","overlay-gradient":""}},"ast-content-background-meta":{"desktop":{"background-color":"var(--ast-global-color-4)","background-image":"","background-repeat":"repeat","background-position":"center center","background-size":"auto","background-attachment":"scroll","background-type":"","background-media":"","overlay-type":"","overlay-color":"","overlay-opacity":"","overlay-gradient":""},"tablet":{"background-color":"var(--ast-global-color-4)","background-image":"","background-repeat":"repeat","background-position":"center center","background-size":"auto","background-attachment":"scroll","background-type":"","background-media":"","overlay-type":"","overlay-color":"","overlay-opacity":"","overlay-gradient":""},"mobile":{"background-color":"var(--ast-global-color-4)","background-image":"","background-repeat":"repeat","background-position":"center center","background-size":"auto","background-attachment":"scroll","background-type":"","background-media":"","overlay-type":"","overlay-color":"","overlay-opacity":"","overlay-gradient":""}},"_themeisle_gutenberg_block_has_review":false,"footnotes":""},"class_list":["post-8115","page","type-page","status-publish","hentry"],"yoast_head":"<!-- This site is optimized with the Yoast SEO Premium plugin v27.3 (Yoast SEO v27.3) - https:\/\/yoast.com\/product\/yoast-seo-premium-wordpress\/ -->\n<title>Shipping conditions - Solidus Schuhe<\/title>\n<meta name=\"description\" content=\"Entdecke Shipping conditions bei Solidus \u2013 hochwertige Bequemschuhe mit perfekter Passform, weichen Materialien und sp\u00fcrbarem Komfort f\u00fcr Deinen Alltag.\" \/>\n<meta name=\"robots\" content=\"index, follow, max-snippet:-1, max-image-preview:large, max-video-preview:-1\" \/>\n<link rel=\"canonical\" href=\"https:\/\/www.solidus.info\/en\/shipping-conditions\/\" \/>\n<meta property=\"og:locale\" content=\"en_US\" \/>\n<meta property=\"og:type\" content=\"article\" \/>\n<meta property=\"og:title\" content=\"Shipping conditions - Solidus Schuhe\" \/>\n<meta property=\"og:description\" content=\"Entdecke Shipping conditions von Solidus \u2013 hochwertige Bequemschuhe mit perfekter Passform, weichen Materialien und sp\u00fcrbarem Komfort f\u00fcr Deinen Alltag.\" \/>\n<meta property=\"og:url\" content=\"https:\/\/www.solidus.info\/en\/shipping-conditions\/\" \/>\n<meta property=\"og:site_name\" content=\"Solidus Schuhe\" \/>\n<meta property=\"article:publisher\" content=\"https:\/\/de-de.facebook.com\/solidusschuhe\/\" \/>\n<meta property=\"article:modified_time\" content=\"2026-01-20T15:44:16+00:00\" \/>\n<meta property=\"og:image\" content=\"https:\/\/www.solidus.info\/wp-content\/uploads\/2026\/03\/Karima_45800_10343-70-scaled.jpg\" \/>\n\t<meta property=\"og:image:width\" content=\"2560\" \/>\n\t<meta property=\"og:image:height\" content=\"1706\" \/>\n\t<meta property=\"og:image:type\" content=\"image\/jpeg\" \/>\n<meta name=\"twitter:card\" content=\"summary_large_image\" \/>\n<meta name=\"twitter:label1\" content=\"Est. reading time\" \/>\n\t<meta name=\"twitter:data1\" content=\"2 minutes\" \/>\n<script type=\"application\/ld+json\" class=\"yoast-schema-graph\">{\"@context\":\"https:\\\/\\\/schema.org\",\"@graph\":[{\"@type\":\"WebPage\",\"@id\":\"https:\\\/\\\/www.solidus.info\\\/en\\\/shipping-conditions\\\/\",\"url\":\"https:\\\/\\\/www.solidus.info\\\/en\\\/shipping-conditions\\\/\",\"name\":\"Shipping conditions - Solidus Schuhe\",\"isPartOf\":{\"@id\":\"https:\\\/\\\/www.solidus.info\\\/en\\\/wordpress\\\/#website\"},\"datePublished\":\"2025-03-13T15:10:44+00:00\",\"dateModified\":\"2026-01-20T15:44:16+00:00\",\"description\":\"Entdecke Shipping conditions bei Solidus \u2013 hochwertige Bequemschuhe mit perfekter Passform, weichen Materialien und sp\u00fcrbarem Komfort f\u00fcr Deinen Alltag.\",\"breadcrumb\":{\"@id\":\"https:\\\/\\\/www.solidus.info\\\/en\\\/shipping-conditions\\\/#breadcrumb\"},\"inLanguage\":\"en-US\",\"potentialAction\":[{\"@type\":\"ReadAction\",\"target\":[\"https:\\\/\\\/www.solidus.info\\\/en\\\/shipping-conditions\\\/\"]}]},{\"@type\":\"BreadcrumbList\",\"@id\":\"https:\\\/\\\/www.solidus.info\\\/en\\\/shipping-conditions\\\/#breadcrumb\",\"itemListElement\":[{\"@type\":\"ListItem\",\"position\":1,\"name\":\"Start\",\"item\":\"https:\\\/\\\/www.solidus.info\\\/en\\\/\"},{\"@type\":\"ListItem\",\"position\":2,\"name\":\"Shipping conditions\"}]},{\"@type\":\"WebSite\",\"@id\":\"https:\\\/\\\/www.solidus.info\\\/en\\\/wordpress\\\/#website\",\"url\":\"https:\\\/\\\/www.solidus.info\\\/en\\\/wordpress\\\/\",\"name\":\"Solidus Schuhe\",\"description\":\"Entdecke die bequemen und hochwertigen Schuhe von Solidus. Perfekt f\u00fcr empfindliche F\u00fc\u00dfe, orthop\u00e4dische Einlagen und maximalen Komfort. Finde jetzt deine neuen Lieblingsschuhe!\",\"publisher\":{\"@id\":\"https:\\\/\\\/www.solidus.info\\\/en\\\/wordpress\\\/#organization\"},\"alternateName\":\"Solidschuhwerk GmbH\",\"potentialAction\":[{\"@type\":\"SearchAction\",\"target\":{\"@type\":\"EntryPoint\",\"urlTemplate\":\"https:\\\/\\\/www.solidus.info\\\/en\\\/wordpress\\\/?s={search_term_string}\"},\"query-input\":{\"@type\":\"PropertyValueSpecification\",\"valueRequired\":true,\"valueName\":\"search_term_string\"}}],\"inLanguage\":\"en-US\"},{\"@type\":[\"Organization\",\"Place\"],\"@id\":\"https:\\\/\\\/www.solidus.info\\\/en\\\/wordpress\\\/#organization\",\"name\":\"Solidschuhwerk GmbH\",\"alternateName\":\"Solidus\",\"url\":\"https:\\\/\\\/www.solidus.info\\\/en\\\/wordpress\\\/\",\"logo\":{\"@id\":\"https:\\\/\\\/www.solidus.info\\\/en\\\/shipping-conditions\\\/#local-main-organization-logo\"},\"image\":{\"@id\":\"https:\\\/\\\/www.solidus.info\\\/en\\\/shipping-conditions\\\/#local-main-organization-logo\"},\"sameAs\":[\"https:\\\/\\\/de-de.facebook.com\\\/solidusschuhe\\\/\",\"https:\\\/\\\/www.instagram.com\\\/solidus_schuhe\\\/\",\"https:\\\/\\\/www.youtube.com\\\/channel\\\/UCkv6kZdHhJoNYI4Y0uu7naw\",\"https:\\\/\\\/de.linkedin.com\\\/company\\\/solidschuhwerk\"],\"description\":\"Solidus ist ein traditionsreicher deutscher Bequemschuhhersteller mit Sitz in Tuttlingen. Das Unternehmen entwickelt und produziert hochwertige Komfortschuhe, die auf Passform, Stabilit\u00e4t und sp\u00fcrbare Entlastung im Alltag ausgelegt sind \u2013 auch f\u00fcr sensible F\u00fc\u00dfe und besondere Anforderungen. Im Mittelpunkt stehen langlebige Materialien, sorgf\u00e4ltige Verarbeitung und ein hoher Qualit\u00e4tsanspruch \u201eMade in Europe\u201c. Solidus arbeitet eng mit dem Fachhandel zusammen und verbindet bew\u00e4hrtes Handwerk mit modernen Produktions- und Qualit\u00e4tsstandards.\",\"legalName\":\"Solidschuhwerk GmbH\",\"foundingDate\":\"1910-01-01\",\"numberOfEmployees\":{\"@type\":\"QuantitativeValue\",\"minValue\":\"11\",\"maxValue\":\"50\"},\"address\":{\"@id\":\"https:\\\/\\\/www.solidus.info\\\/en\\\/shipping-conditions\\\/#local-main-place-address\"},\"geo\":{\"@type\":\"GeoCoordinates\",\"latitude\":\"47.98034890735268\",\"longitude\":\"8.81216515766976\"},\"telephone\":[\"0746196120\"],\"openingHoursSpecification\":[{\"@type\":\"OpeningHoursSpecification\",\"dayOfWeek\":[\"Monday\",\"Tuesday\",\"Wednesday\",\"Thursday\",\"Friday\",\"Saturday\",\"Sunday\"],\"opens\":\"09:00\",\"closes\":\"17:00\"}],\"email\":\"info@solidus.info\"},{\"@type\":\"PostalAddress\",\"@id\":\"https:\\\/\\\/www.solidus.info\\\/en\\\/shipping-conditions\\\/#local-main-place-address\",\"streetAddress\":\"Ehrenbergstra\u00dfe 18\",\"addressLocality\":\"Tuttlingen\",\"postalCode\":\"78532\",\"addressRegion\":\"Baden-W\u00fcrttemberg\",\"addressCountry\":\"DE\"},{\"@type\":\"ImageObject\",\"inLanguage\":\"en-US\",\"@id\":\"https:\\\/\\\/www.solidus.info\\\/en\\\/shipping-conditions\\\/#local-main-organization-logo\",\"url\":\"https:\\\/\\\/www.solidus.info\\\/wp-content\\\/uploads\\\/2025\\\/03\\\/Solidus_Logo_normal_flipping.png\",\"contentUrl\":\"https:\\\/\\\/www.solidus.info\\\/wp-content\\\/uploads\\\/2025\\\/03\\\/Solidus_Logo_normal_flipping.png\",\"width\":1000,\"height\":449,\"caption\":\"Solidschuhwerk GmbH\"}]}<\/script>\n<meta name=\"geo.placename\" content=\"Tuttlingen\" \/>\n<meta name=\"geo.position\" content=\"47.98034890735268;8.81216515766976\" \/>\n<meta name=\"geo.region\" content=\"Germany\" \/>\n<!-- \/ Yoast SEO Premium plugin. -->","yoast_head_json":{"title":"Shipping conditions - Solidus Schuhe","description":"Entdecke Shipping conditions bei Solidus \u2013 hochwertige Bequemschuhe mit perfekter Passform, weichen Materialien und sp\u00fcrbarem Komfort f\u00fcr Deinen Alltag.","robots":{"index":"index","follow":"follow","max-snippet":"max-snippet:-1","max-image-preview":"max-image-preview:large","max-video-preview":"max-video-preview:-1"},"canonical":"https:\/\/www.solidus.info\/en\/shipping-conditions\/","og_locale":"en_US","og_type":"article","og_title":"Shipping conditions - Solidus Schuhe","og_description":"Entdecke Shipping conditions von Solidus \u2013 hochwertige Bequemschuhe mit perfekter Passform, weichen Materialien und sp\u00fcrbarem Komfort f\u00fcr Deinen Alltag.","og_url":"https:\/\/www.solidus.info\/en\/shipping-conditions\/","og_site_name":"Solidus Schuhe","article_publisher":"https:\/\/de-de.facebook.com\/solidusschuhe\/","article_modified_time":"2026-01-20T15:44:16+00:00","og_image":[{"width":2560,"height":1706,"url":"https:\/\/www.solidus.info\/wp-content\/uploads\/2026\/03\/Karima_45800_10343-70-scaled.jpg","type":"image\/jpeg"}],"twitter_card":"summary_large_image","twitter_misc":{"Est. reading time":"2 minutes"},"schema":{"@context":"https:\/\/schema.org","@graph":[{"@type":"WebPage","@id":"https:\/\/www.solidus.info\/en\/shipping-conditions\/","url":"https:\/\/www.solidus.info\/en\/shipping-conditions\/","name":"Shipping conditions - Solidus Schuhe","isPartOf":{"@id":"https:\/\/www.solidus.info\/en\/wordpress\/#website"},"datePublished":"2025-03-13T15:10:44+00:00","dateModified":"2026-01-20T15:44:16+00:00","description":"Entdecke Shipping conditions bei Solidus \u2013 hochwertige Bequemschuhe mit perfekter Passform, weichen Materialien und sp\u00fcrbarem Komfort f\u00fcr Deinen Alltag.","breadcrumb":{"@id":"https:\/\/www.solidus.info\/en\/shipping-conditions\/#breadcrumb"},"inLanguage":"en-US","potentialAction":[{"@type":"ReadAction","target":["https:\/\/www.solidus.info\/en\/shipping-conditions\/"]}]},{"@type":"BreadcrumbList","@id":"https:\/\/www.solidus.info\/en\/shipping-conditions\/#breadcrumb","itemListElement":[{"@type":"ListItem","position":1,"name":"Start","item":"https:\/\/www.solidus.info\/en\/"},{"@type":"ListItem","position":2,"name":"Shipping conditions"}]},{"@type":"WebSite","@id":"https:\/\/www.solidus.info\/en\/wordpress\/#website","url":"https:\/\/www.solidus.info\/en\/wordpress\/","name":"Solidus Schuhe","description":"Entdecke die bequemen und hochwertigen Schuhe von Solidus. Perfekt f\u00fcr empfindliche F\u00fc\u00dfe, orthop\u00e4dische Einlagen und maximalen Komfort. Finde jetzt deine neuen Lieblingsschuhe!","publisher":{"@id":"https:\/\/www.solidus.info\/en\/wordpress\/#organization"},"alternateName":"Solidschuhwerk GmbH","potentialAction":[{"@type":"SearchAction","target":{"@type":"EntryPoint","urlTemplate":"https:\/\/www.solidus.info\/en\/wordpress\/?s={search_term_string}"},"query-input":{"@type":"PropertyValueSpecification","valueRequired":true,"valueName":"search_term_string"}}],"inLanguage":"en-US"},{"@type":["Organization","Place"],"@id":"https:\/\/www.solidus.info\/en\/wordpress\/#organization","name":"Solidschuhwerk GmbH","alternateName":"Solidus","url":"https:\/\/www.solidus.info\/en\/wordpress\/","logo":{"@id":"https:\/\/www.solidus.info\/en\/shipping-conditions\/#local-main-organization-logo"},"image":{"@id":"https:\/\/www.solidus.info\/en\/shipping-conditions\/#local-main-organization-logo"},"sameAs":["https:\/\/de-de.facebook.com\/solidusschuhe\/","https:\/\/www.instagram.com\/solidus_schuhe\/","https:\/\/www.youtube.com\/channel\/UCkv6kZdHhJoNYI4Y0uu7naw","https:\/\/de.linkedin.com\/company\/solidschuhwerk"],"description":"Solidus ist ein traditionsreicher deutscher Bequemschuhhersteller mit Sitz in Tuttlingen. Das Unternehmen entwickelt und produziert hochwertige Komfortschuhe, die auf Passform, Stabilit\u00e4t und sp\u00fcrbare Entlastung im Alltag ausgelegt sind \u2013 auch f\u00fcr sensible F\u00fc\u00dfe und besondere Anforderungen. Im Mittelpunkt stehen langlebige Materialien, sorgf\u00e4ltige Verarbeitung und ein hoher Qualit\u00e4tsanspruch \u201eMade in Europe\u201c. Solidus arbeitet eng mit dem Fachhandel zusammen und verbindet bew\u00e4hrtes Handwerk mit modernen Produktions- und Qualit\u00e4tsstandards.","legalName":"Solidschuhwerk GmbH","foundingDate":"1910-01-01","numberOfEmployees":{"@type":"QuantitativeValue","minValue":"11","maxValue":"50"},"address":{"@id":"https:\/\/www.solidus.info\/en\/shipping-conditions\/#local-main-place-address"},"geo":{"@type":"GeoCoordinates","latitude":"47.98034890735268","longitude":"8.81216515766976"},"telephone":["0746196120"],"openingHoursSpecification":[{"@type":"OpeningHoursSpecification","dayOfWeek":["Monday","Tuesday","Wednesday","Thursday","Friday","Saturday","Sunday"],"opens":"09:00","closes":"17:00"}],"email":"info@solidus.info"},{"@type":"PostalAddress","@id":"https:\/\/www.solidus.info\/en\/shipping-conditions\/#local-main-place-address","streetAddress":"Ehrenbergstra\u00dfe 18","addressLocality":"Tuttlingen","postalCode":"78532","addressRegion":"Baden-W\u00fcrttemberg","addressCountry":"DE"},{"@type":"ImageObject","inLanguage":"en-US","@id":"https:\/\/www.solidus.info\/en\/shipping-conditions\/#local-main-organization-logo","url":"https:\/\/www.solidus.info\/wp-content\/uploads\/2025\/03\/Solidus_Logo_normal_flipping.png","contentUrl":"https:\/\/www.solidus.info\/wp-content\/uploads\/2025\/03\/Solidus_Logo_normal_flipping.png","width":1000,"height":449,"caption":"Solidschuhwerk GmbH"}]},"geo.placename":"Tuttlingen","geo.position":{"lat":"47.98034890735268","long":"8.81216515766976"},"geo.region":"Germany"},"_links":{"self":[{"href":"https:\/\/www.solidus.info\/en\/wp-json\/wp\/v2\/pages\/8115","targetHints":{"allow":["GET"]}}],"collection":[{"href":"https:\/\/www.solidus.info\/en\/wp-json\/wp\/v2\/pages"}],"about":[{"href":"https:\/\/www.solidus.info\/en\/wp-json\/wp\/v2\/types\/page"}],"author":[{"embeddable":true,"href":"https:\/\/www.solidus.info\/en\/wp-json\/wp\/v2\/users\/1"}],"replies":[{"embeddable":true,"href":"https:\/\/www.solidus.info\/en\/wp-json\/wp\/v2\/comments?post=8115"}],"version-history":[{"count":1,"href":"https:\/\/www.solidus.info\/en\/wp-json\/wp\/v2\/pages\/8115\/revisions"}],"predecessor-version":[{"id":8117,"href":"https:\/\/www.solidus.info\/en\/wp-json\/wp\/v2\/pages\/8115\/revisions\/8117"}],"wp:attachment":[{"href":"https:\/\/www.solidus.info\/en\/wp-json\/wp\/v2\/media?parent=8115"}],"curies":[{"name":"wp","href":"https:\/\/api.w.org\/{rel}","templated":true}]}}