{"id":8107,"date":"2025-03-13T15:08:53","date_gmt":"2025-03-13T15:08:53","guid":{"rendered":"https:\/\/solidus-shoes.de\/widerrufsbelehrung\/"},"modified":"2026-01-20T15:42:27","modified_gmt":"2026-01-20T15:42:27","slug":"cancellation-policy","status":"publish","type":"page","link":"https:\/\/www.solidus.info\/en\/cancellation-policy\/","title":{"rendered":"Cancellation policy"},"content":{"rendered":"\t\t<div data-elementor-type=\"wp-page\" data-elementor-id=\"8107\" class=\"elementor elementor-8107 elementor-653\" data-elementor-post-type=\"page\">\n\t\t\t\t<div class=\"elementor-element elementor-element-403a986 e-flex e-con-boxed e-con e-parent\" data-id=\"403a986\" data-element_type=\"container\" data-e-type=\"container\">\n\t\t\t\t\t<div class=\"e-con-inner\">\n\t\t\t\t<div class=\"elementor-element elementor-element-5cb7032 elementor-widget elementor-widget-heading\" data-id=\"5cb7032\" data-element_type=\"widget\" data-e-type=\"widget\" data-widget_type=\"heading.default\">\n\t\t\t\t<div class=\"elementor-widget-container\">\n\t\t\t\t\t<h2 class=\"elementor-heading-title elementor-size-default\">Widerrufsbelehrung<\/h2>\t\t\t\t<\/div>\n\t\t\t\t<\/div>\n\t\t\t\t<div class=\"elementor-element elementor-element-f8504dc elementor-widget elementor-widget-text-editor\" data-id=\"f8504dc\" data-element_type=\"widget\" data-e-type=\"widget\" data-widget_type=\"text-editor.default\">\n\t\t\t\t<div class=\"elementor-widget-container\">\n\t\t\t\t\t\t\t\t\t<h2 data-start=\"184\" data-end=\"207\"><strong data-start=\"187\" data-end=\"205\">Widerrufsrecht<\/strong><\/h2><p data-start=\"209\" data-end=\"307\">Sie haben das Recht, binnen vierzehn Tagen ohne Angabe von Gr\u00fcnden diesen Vertrag zu widerrufen.<\/p><p data-start=\"309\" data-end=\"493\">Die Widerrufsfrist betr\u00e4gt vierzehn Tage ab dem Tag, an dem Sie oder ein von Ihnen benannter Dritter, der nicht der Bef\u00f6rderer ist, die letzte Ware in Besitz genommen haben bzw. hat.<\/p><p data-start=\"495\" data-end=\"848\">Um Ihr Widerrufsrecht auszu\u00fcben, m\u00fcssen Sie uns (<strong data-start=\"544\" data-end=\"689\">MARC Shoes &amp; Fashion GmbH, Albin-May-Stra\u00dfe 3, 07937 Zeulenroda-Triebes, Deutschland, Telefon: +49 36628 66 59 11, E-Mail: <a rel=\"noopener\" data-start=\"669\" data-end=\"687\">info@marcshoes.com<\/a><\/strong>) mittels einer eindeutigen Erkl\u00e4rung (z. B. ein mit der Post versandter Brief oder E-Mail) \u00fcber Ihren Entschluss, diesen Vertrag zu widerrufen, informieren.<\/p><p data-start=\"850\" data-end=\"960\">Sie k\u00f6nnen daf\u00fcr das beigef\u00fcgte <strong data-start=\"882\" data-end=\"910\">Muster-Widerrufsformular<\/strong> verwenden, das jedoch nicht vorgeschrieben ist.<\/p><p data-start=\"962\" data-end=\"1111\">Zur Wahrung der Widerrufsfrist reicht es aus, dass Sie die Mitteilung \u00fcber die Aus\u00fcbung des Widerrufsrechts vor Ablauf der Widerrufsfrist absenden.<\/p><hr data-start=\"1113\" data-end=\"1116\" \/><h2 data-start=\"1118\" data-end=\"1147\"><strong data-start=\"1121\" data-end=\"1145\">Folgen des Widerrufs<\/strong><\/h2><p data-start=\"1149\" data-end=\"1620\">Wenn Sie diesen Vertrag widerrufen, haben wir Ihnen alle Zahlungen, die wir von Ihnen erhalten haben, einschlie\u00dflich der Lieferkosten (mit Ausnahme der zus\u00e4tzlichen Kosten, die sich daraus ergeben, dass Sie eine andere Art der Lieferung als die von uns angebotene, g\u00fcnstigste Standardlieferung gew\u00e4hlt haben), unverz\u00fcglich und sp\u00e4testens binnen vierzehn Tagen ab dem Tag zur\u00fcckzuzahlen, an dem die Mitteilung \u00fcber Ihren Widerruf dieses Vertrags bei uns eingegangen ist.<\/p><p data-start=\"1622\" data-end=\"1886\">F\u00fcr diese R\u00fcckzahlung verwenden wir dasselbe Zahlungsmittel, das Sie bei der urspr\u00fcnglichen Transaktion eingesetzt haben, es sei denn, mit Ihnen wurde ausdr\u00fccklich etwas anderes vereinbart. In keinem Fall werden Ihnen wegen dieser R\u00fcckzahlung Entgelte berechnet.<\/p><p data-start=\"1888\" data-end=\"2103\">Wir k\u00f6nnen die R\u00fcckzahlung verweigern, bis wir die Waren wieder zur\u00fcckerhalten haben oder bis Sie den Nachweis erbracht haben, dass Sie die Waren zur\u00fcckgesandt haben, je nachdem, welches der fr\u00fchere Zeitpunkt ist.<\/p><p data-start=\"2105\" data-end=\"2306\">Sie haben die Waren unverz\u00fcglich und in jedem Fall sp\u00e4testens binnen vierzehn Tagen ab dem Tag, an dem Sie uns \u00fcber den Widerruf dieses Vertrags unterrichten, an uns zur\u00fcckzusenden oder zu \u00fcbergeben.<\/p><p data-start=\"2308\" data-end=\"2401\">Die Frist ist gewahrt, wenn Sie die Waren vor Ablauf der Frist von vierzehn Tagen absenden.<\/p><p data-start=\"2403\" data-end=\"2457\">Wir tragen die <strong data-start=\"2418\" data-end=\"2454\">Kosten der R\u00fccksendung der Waren<\/strong>.<\/p><p data-start=\"2459\" data-end=\"2695\">Sie m\u00fcssen f\u00fcr einen etwaigen <strong data-start=\"2489\" data-end=\"2504\">Wertverlust<\/strong> der Waren nur aufkommen, wenn dieser Wertverlust auf einen zur Pr\u00fcfung der Beschaffenheit, Eigenschaften und Funktionsweise der Waren nicht notwendigen Umgang mit ihnen zur\u00fcckzuf\u00fchren ist.<\/p><hr data-start=\"2697\" data-end=\"2700\" \/><h2 data-start=\"2702\" data-end=\"2735\"><strong data-start=\"2705\" data-end=\"2733\">Muster-Widerrufsformular<\/strong><\/h2><p data-start=\"2737\" data-end=\"2848\">(Wenn Sie den Vertrag widerrufen wollen, dann f\u00fcllen Sie bitte dieses Formular aus und senden Sie es zur\u00fcck.)<\/p><p data-start=\"2850\" data-end=\"2978\"><strong data-start=\"2850\" data-end=\"2857\">An:<\/strong><br data-start=\"2857\" data-end=\"2860\" \/>MARC Shoes &amp; Fashion GmbH<br data-start=\"2885\" data-end=\"2888\" \/>Albin-May-Stra\u00dfe 3<br data-start=\"2906\" data-end=\"2909\" \/>07937 Zeulenroda-Triebes<br data-start=\"2933\" data-end=\"2936\" \/>Deutschland<br data-start=\"2947\" data-end=\"2950\" \/>E-Mail: <a rel=\"noopener\" data-start=\"2958\" data-end=\"2976\">info@marcshoes.com<\/a><\/p><p data-start=\"2980\" data-end=\"3145\">Hiermit widerrufe(n) ich\/wir (<em data-start=\"3010\" data-end=\"3031\">) den von mir\/uns (<\/em>) abgeschlossenen Vertrag \u00fcber den Kauf der folgenden Waren (<em data-start=\"3092\" data-end=\"3142\">)\/ die Erbringung der folgenden Dienstleistung (<\/em>)<\/p><p data-start=\"3147\" data-end=\"3194\"><strong data-start=\"3147\" data-end=\"3184\">Bestellt am (<em data-start=\"3162\" data-end=\"3181\">) \/ erhalten am (<\/em>)<\/strong><br data-start=\"3184\" data-end=\"3187\" \/>[&#8230;]<\/p><p data-start=\"3196\" data-end=\"3238\"><strong data-start=\"3196\" data-end=\"3228\">Name des\/der Verbraucher(s):<\/strong><br data-start=\"3228\" data-end=\"3231\" \/>[&#8230;]<\/p><p data-start=\"3240\" data-end=\"3287\"><strong data-start=\"3240\" data-end=\"3277\">Anschrift des\/der Verbraucher(s):<\/strong><br data-start=\"3277\" data-end=\"3280\" \/>[&#8230;]<\/p><p data-start=\"3289\" data-end=\"3371\"><strong data-start=\"3289\" data-end=\"3361\">Unterschrift des\/der Verbraucher(s) (nur bei Mitteilung auf Papier):<\/strong><br data-start=\"3361\" data-end=\"3364\" \/>[&#8230;]<\/p><p data-start=\"3373\" data-end=\"3393\"><strong data-start=\"3373\" data-end=\"3383\">Datum:<\/strong><br data-start=\"3383\" data-end=\"3386\" \/>[&#8230;]<\/p><p data-start=\"3395\" data-end=\"3426\">(*) Unzutreffendes streichen.<\/p>\t\t\t\t\t\t\t\t<\/div>\n\t\t\t\t<\/div>\n\t\t\t\t\t<\/div>\n\t\t\t\t<\/div>\n\t\t\t\t<\/div>\n\t\t","protected":false},"excerpt":{"rendered":"<p>Widerrufsbelehrung Widerrufsrecht Sie haben das Recht, binnen vierzehn Tagen ohne Angabe von Gr\u00fcnden diesen Vertrag zu widerrufen. Die Widerrufsfrist betr\u00e4gt [&hellip;]<\/p>\n","protected":false},"author":1,"featured_media":0,"parent":0,"menu_order":0,"comment_status":"closed","ping_status":"closed","template":"","meta":{"site-sidebar-layout":"no-sidebar","site-content-layout":"","ast-site-content-layout":"full-width-container","site-content-style":"default","site-sidebar-style":"default","ast-global-header-display":"","ast-banner-title-visibility":"","ast-main-header-display":"","ast-hfb-above-header-display":"","ast-hfb-below-header-display":"","ast-hfb-mobile-header-display":"","site-post-title":"disabled","ast-breadcrumbs-content":"","ast-featured-img":"disabled","footer-sml-layout":"","ast-disable-related-posts":"","theme-transparent-header-meta":"","adv-header-id-meta":"","stick-header-meta":"","header-above-stick-meta":"","header-main-stick-meta":"","header-below-stick-meta":"","astra-migrate-meta-layouts":"default","ast-page-background-enabled":"default","ast-page-background-meta":{"desktop":{"background-color":"var(--ast-global-color-5)","background-image":"","background-repeat":"repeat","background-position":"center center","background-size":"auto","background-attachment":"scroll","background-type":"","background-media":"","overlay-type":"","overlay-color":"","overlay-opacity":"","overlay-gradient":""},"tablet":{"background-color":"","background-image":"","background-repeat":"repeat","background-position":"center center","background-size":"auto","background-attachment":"scroll","background-type":"","background-media":"","overlay-type":"","overlay-color":"","overlay-opacity":"","overlay-gradient":""},"mobile":{"background-color":"","background-image":"","background-repeat":"repeat","background-position":"center center","background-size":"auto","background-attachment":"scroll","background-type":"","background-media":"","overlay-type":"","overlay-color":"","overlay-opacity":"","overlay-gradient":""}},"ast-content-background-meta":{"desktop":{"background-color":"var(--ast-global-color-4)","background-image":"","background-repeat":"repeat","background-position":"center center","background-size":"auto","background-attachment":"scroll","background-type":"","background-media":"","overlay-type":"","overlay-color":"","overlay-opacity":"","overlay-gradient":""},"tablet":{"background-color":"var(--ast-global-color-4)","background-image":"","background-repeat":"repeat","background-position":"center center","background-size":"auto","background-attachment":"scroll","background-type":"","background-media":"","overlay-type":"","overlay-color":"","overlay-opacity":"","overlay-gradient":""},"mobile":{"background-color":"var(--ast-global-color-4)","background-image":"","background-repeat":"repeat","background-position":"center center","background-size":"auto","background-attachment":"scroll","background-type":"","background-media":"","overlay-type":"","overlay-color":"","overlay-opacity":"","overlay-gradient":""}},"_themeisle_gutenberg_block_has_review":false,"footnotes":""},"class_list":["post-8107","page","type-page","status-publish","hentry"],"yoast_head":"<!-- This site is optimized with the Yoast SEO Premium plugin v27.3 (Yoast SEO v27.3) - https:\/\/yoast.com\/product\/yoast-seo-premium-wordpress\/ -->\n<title>R\u00fcckgabe bei Solidus \u2013 Widerrufsbelehrung &amp; Fristen<\/title>\n<meta name=\"description\" content=\"Die Solidus Widerrufsbelehrung erkl\u00e4rt, wie Du innerhalb von vierzehn Tagen ohne Angabe von Gr\u00fcnden widerrufen kannst.\" \/>\n<meta name=\"robots\" content=\"index, follow, max-snippet:-1, max-image-preview:large, max-video-preview:-1\" \/>\n<link rel=\"canonical\" href=\"https:\/\/www.solidus.info\/en\/cancellation-policy\/\" \/>\n<meta property=\"og:locale\" content=\"en_US\" \/>\n<meta property=\"og:type\" content=\"article\" \/>\n<meta property=\"og:title\" content=\"Cancellation policy - Solidus Schuhe\" \/>\n<meta property=\"og:description\" content=\"Entdecke Cancellation policy von Solidus \u2013 hochwertige Bequemschuhe mit perfekter Passform, weichen Materialien und sp\u00fcrbarem Komfort f\u00fcr Deinen Alltag.\" \/>\n<meta property=\"og:url\" content=\"https:\/\/www.solidus.info\/en\/cancellation-policy\/\" \/>\n<meta property=\"og:site_name\" content=\"Solidus Schuhe\" \/>\n<meta property=\"article:publisher\" content=\"https:\/\/de-de.facebook.com\/solidusschuhe\/\" \/>\n<meta property=\"article:modified_time\" content=\"2026-01-20T15:42:27+00:00\" \/>\n<meta property=\"og:image\" content=\"https:\/\/www.solidus.info\/wp-content\/uploads\/2026\/03\/Karima_45800_10343-70-scaled.jpg\" \/>\n\t<meta property=\"og:image:width\" content=\"2560\" \/>\n\t<meta property=\"og:image:height\" content=\"1706\" \/>\n\t<meta property=\"og:image:type\" content=\"image\/jpeg\" \/>\n<meta name=\"twitter:card\" content=\"summary_large_image\" \/>\n<script type=\"application\/ld+json\" class=\"yoast-schema-graph\">{\"@context\":\"https:\\\/\\\/schema.org\",\"@graph\":[{\"@type\":\"WebPage\",\"@id\":\"https:\\\/\\\/www.solidus.info\\\/en\\\/cancellation-policy\\\/\",\"url\":\"https:\\\/\\\/www.solidus.info\\\/en\\\/cancellation-policy\\\/\",\"name\":\"R\u00fcckgabe bei Solidus \u2013 Widerrufsbelehrung & Fristen\",\"isPartOf\":{\"@id\":\"https:\\\/\\\/www.solidus.info\\\/en\\\/wordpress\\\/#website\"},\"datePublished\":\"2025-03-13T15:08:53+00:00\",\"dateModified\":\"2026-01-20T15:42:27+00:00\",\"description\":\"Die Solidus Widerrufsbelehrung erkl\u00e4rt, wie Du innerhalb von vierzehn Tagen ohne Angabe von Gr\u00fcnden widerrufen kannst.\",\"breadcrumb\":{\"@id\":\"https:\\\/\\\/www.solidus.info\\\/en\\\/cancellation-policy\\\/#breadcrumb\"},\"inLanguage\":\"en-US\",\"potentialAction\":[{\"@type\":\"ReadAction\",\"target\":[\"https:\\\/\\\/www.solidus.info\\\/en\\\/cancellation-policy\\\/\"]}]},{\"@type\":\"BreadcrumbList\",\"@id\":\"https:\\\/\\\/www.solidus.info\\\/en\\\/cancellation-policy\\\/#breadcrumb\",\"itemListElement\":[{\"@type\":\"ListItem\",\"position\":1,\"name\":\"Start\",\"item\":\"https:\\\/\\\/www.solidus.info\\\/en\\\/\"},{\"@type\":\"ListItem\",\"position\":2,\"name\":\"Cancellation policy\"}]},{\"@type\":\"WebSite\",\"@id\":\"https:\\\/\\\/www.solidus.info\\\/en\\\/wordpress\\\/#website\",\"url\":\"https:\\\/\\\/www.solidus.info\\\/en\\\/wordpress\\\/\",\"name\":\"Solidus Schuhe\",\"description\":\"Entdecke die bequemen und hochwertigen Schuhe von Solidus. Perfekt f\u00fcr empfindliche F\u00fc\u00dfe, orthop\u00e4dische Einlagen und maximalen Komfort. Finde jetzt deine neuen Lieblingsschuhe!\",\"publisher\":{\"@id\":\"https:\\\/\\\/www.solidus.info\\\/en\\\/wordpress\\\/#organization\"},\"alternateName\":\"Solidschuhwerk GmbH\",\"potentialAction\":[{\"@type\":\"SearchAction\",\"target\":{\"@type\":\"EntryPoint\",\"urlTemplate\":\"https:\\\/\\\/www.solidus.info\\\/en\\\/wordpress\\\/?s={search_term_string}\"},\"query-input\":{\"@type\":\"PropertyValueSpecification\",\"valueRequired\":true,\"valueName\":\"search_term_string\"}}],\"inLanguage\":\"en-US\"},{\"@type\":[\"Organization\",\"Place\"],\"@id\":\"https:\\\/\\\/www.solidus.info\\\/en\\\/wordpress\\\/#organization\",\"name\":\"Solidschuhwerk GmbH\",\"alternateName\":\"Solidus\",\"url\":\"https:\\\/\\\/www.solidus.info\\\/en\\\/wordpress\\\/\",\"logo\":{\"@id\":\"https:\\\/\\\/www.solidus.info\\\/en\\\/cancellation-policy\\\/#local-main-organization-logo\"},\"image\":{\"@id\":\"https:\\\/\\\/www.solidus.info\\\/en\\\/cancellation-policy\\\/#local-main-organization-logo\"},\"sameAs\":[\"https:\\\/\\\/de-de.facebook.com\\\/solidusschuhe\\\/\",\"https:\\\/\\\/www.instagram.com\\\/solidus_schuhe\\\/\",\"https:\\\/\\\/www.youtube.com\\\/channel\\\/UCkv6kZdHhJoNYI4Y0uu7naw\",\"https:\\\/\\\/de.linkedin.com\\\/company\\\/solidschuhwerk\"],\"description\":\"Solidus ist ein traditionsreicher deutscher Bequemschuhhersteller mit Sitz in Tuttlingen. Das Unternehmen entwickelt und produziert hochwertige Komfortschuhe, die auf Passform, Stabilit\u00e4t und sp\u00fcrbare Entlastung im Alltag ausgelegt sind \u2013 auch f\u00fcr sensible F\u00fc\u00dfe und besondere Anforderungen. Im Mittelpunkt stehen langlebige Materialien, sorgf\u00e4ltige Verarbeitung und ein hoher Qualit\u00e4tsanspruch \u201eMade in Europe\u201c. Solidus arbeitet eng mit dem Fachhandel zusammen und verbindet bew\u00e4hrtes Handwerk mit modernen Produktions- und Qualit\u00e4tsstandards.\",\"legalName\":\"Solidschuhwerk GmbH\",\"foundingDate\":\"1910-01-01\",\"numberOfEmployees\":{\"@type\":\"QuantitativeValue\",\"minValue\":\"11\",\"maxValue\":\"50\"},\"address\":{\"@id\":\"https:\\\/\\\/www.solidus.info\\\/en\\\/cancellation-policy\\\/#local-main-place-address\"},\"geo\":{\"@type\":\"GeoCoordinates\",\"latitude\":\"47.98034890735268\",\"longitude\":\"8.81216515766976\"},\"telephone\":[\"0746196120\"],\"openingHoursSpecification\":[{\"@type\":\"OpeningHoursSpecification\",\"dayOfWeek\":[\"Monday\",\"Tuesday\",\"Wednesday\",\"Thursday\",\"Friday\",\"Saturday\",\"Sunday\"],\"opens\":\"09:00\",\"closes\":\"17:00\"}],\"email\":\"info@solidus.info\"},{\"@type\":\"PostalAddress\",\"@id\":\"https:\\\/\\\/www.solidus.info\\\/en\\\/cancellation-policy\\\/#local-main-place-address\",\"streetAddress\":\"Ehrenbergstra\u00dfe 18\",\"addressLocality\":\"Tuttlingen\",\"postalCode\":\"78532\",\"addressRegion\":\"Baden-W\u00fcrttemberg\",\"addressCountry\":\"DE\"},{\"@type\":\"ImageObject\",\"inLanguage\":\"en-US\",\"@id\":\"https:\\\/\\\/www.solidus.info\\\/en\\\/cancellation-policy\\\/#local-main-organization-logo\",\"url\":\"https:\\\/\\\/www.solidus.info\\\/wp-content\\\/uploads\\\/2025\\\/03\\\/Solidus_Logo_normal_flipping.png\",\"contentUrl\":\"https:\\\/\\\/www.solidus.info\\\/wp-content\\\/uploads\\\/2025\\\/03\\\/Solidus_Logo_normal_flipping.png\",\"width\":1000,\"height\":449,\"caption\":\"Solidschuhwerk GmbH\"}]}<\/script>\n<meta name=\"geo.placename\" content=\"Tuttlingen\" \/>\n<meta name=\"geo.position\" content=\"47.98034890735268;8.81216515766976\" \/>\n<meta name=\"geo.region\" content=\"Germany\" \/>\n<!-- \/ Yoast SEO Premium plugin. -->","yoast_head_json":{"title":"R\u00fcckgabe bei Solidus \u2013 Widerrufsbelehrung & Fristen","description":"Die Solidus Widerrufsbelehrung erkl\u00e4rt, wie Du innerhalb von vierzehn Tagen ohne Angabe von Gr\u00fcnden widerrufen kannst.","robots":{"index":"index","follow":"follow","max-snippet":"max-snippet:-1","max-image-preview":"max-image-preview:large","max-video-preview":"max-video-preview:-1"},"canonical":"https:\/\/www.solidus.info\/en\/cancellation-policy\/","og_locale":"en_US","og_type":"article","og_title":"Cancellation policy - Solidus Schuhe","og_description":"Entdecke Cancellation policy von Solidus \u2013 hochwertige Bequemschuhe mit perfekter Passform, weichen Materialien und sp\u00fcrbarem Komfort f\u00fcr Deinen Alltag.","og_url":"https:\/\/www.solidus.info\/en\/cancellation-policy\/","og_site_name":"Solidus Schuhe","article_publisher":"https:\/\/de-de.facebook.com\/solidusschuhe\/","article_modified_time":"2026-01-20T15:42:27+00:00","og_image":[{"width":2560,"height":1706,"url":"https:\/\/www.solidus.info\/wp-content\/uploads\/2026\/03\/Karima_45800_10343-70-scaled.jpg","type":"image\/jpeg"}],"twitter_card":"summary_large_image","schema":{"@context":"https:\/\/schema.org","@graph":[{"@type":"WebPage","@id":"https:\/\/www.solidus.info\/en\/cancellation-policy\/","url":"https:\/\/www.solidus.info\/en\/cancellation-policy\/","name":"R\u00fcckgabe bei Solidus \u2013 Widerrufsbelehrung & Fristen","isPartOf":{"@id":"https:\/\/www.solidus.info\/en\/wordpress\/#website"},"datePublished":"2025-03-13T15:08:53+00:00","dateModified":"2026-01-20T15:42:27+00:00","description":"Die Solidus Widerrufsbelehrung erkl\u00e4rt, wie Du innerhalb von vierzehn Tagen ohne Angabe von Gr\u00fcnden widerrufen kannst.","breadcrumb":{"@id":"https:\/\/www.solidus.info\/en\/cancellation-policy\/#breadcrumb"},"inLanguage":"en-US","potentialAction":[{"@type":"ReadAction","target":["https:\/\/www.solidus.info\/en\/cancellation-policy\/"]}]},{"@type":"BreadcrumbList","@id":"https:\/\/www.solidus.info\/en\/cancellation-policy\/#breadcrumb","itemListElement":[{"@type":"ListItem","position":1,"name":"Start","item":"https:\/\/www.solidus.info\/en\/"},{"@type":"ListItem","position":2,"name":"Cancellation policy"}]},{"@type":"WebSite","@id":"https:\/\/www.solidus.info\/en\/wordpress\/#website","url":"https:\/\/www.solidus.info\/en\/wordpress\/","name":"Solidus Schuhe","description":"Entdecke die bequemen und hochwertigen Schuhe von Solidus. Perfekt f\u00fcr empfindliche F\u00fc\u00dfe, orthop\u00e4dische Einlagen und maximalen Komfort. Finde jetzt deine neuen Lieblingsschuhe!","publisher":{"@id":"https:\/\/www.solidus.info\/en\/wordpress\/#organization"},"alternateName":"Solidschuhwerk GmbH","potentialAction":[{"@type":"SearchAction","target":{"@type":"EntryPoint","urlTemplate":"https:\/\/www.solidus.info\/en\/wordpress\/?s={search_term_string}"},"query-input":{"@type":"PropertyValueSpecification","valueRequired":true,"valueName":"search_term_string"}}],"inLanguage":"en-US"},{"@type":["Organization","Place"],"@id":"https:\/\/www.solidus.info\/en\/wordpress\/#organization","name":"Solidschuhwerk GmbH","alternateName":"Solidus","url":"https:\/\/www.solidus.info\/en\/wordpress\/","logo":{"@id":"https:\/\/www.solidus.info\/en\/cancellation-policy\/#local-main-organization-logo"},"image":{"@id":"https:\/\/www.solidus.info\/en\/cancellation-policy\/#local-main-organization-logo"},"sameAs":["https:\/\/de-de.facebook.com\/solidusschuhe\/","https:\/\/www.instagram.com\/solidus_schuhe\/","https:\/\/www.youtube.com\/channel\/UCkv6kZdHhJoNYI4Y0uu7naw","https:\/\/de.linkedin.com\/company\/solidschuhwerk"],"description":"Solidus ist ein traditionsreicher deutscher Bequemschuhhersteller mit Sitz in Tuttlingen. Das Unternehmen entwickelt und produziert hochwertige Komfortschuhe, die auf Passform, Stabilit\u00e4t und sp\u00fcrbare Entlastung im Alltag ausgelegt sind \u2013 auch f\u00fcr sensible F\u00fc\u00dfe und besondere Anforderungen. Im Mittelpunkt stehen langlebige Materialien, sorgf\u00e4ltige Verarbeitung und ein hoher Qualit\u00e4tsanspruch \u201eMade in Europe\u201c. Solidus arbeitet eng mit dem Fachhandel zusammen und verbindet bew\u00e4hrtes Handwerk mit modernen Produktions- und Qualit\u00e4tsstandards.","legalName":"Solidschuhwerk GmbH","foundingDate":"1910-01-01","numberOfEmployees":{"@type":"QuantitativeValue","minValue":"11","maxValue":"50"},"address":{"@id":"https:\/\/www.solidus.info\/en\/cancellation-policy\/#local-main-place-address"},"geo":{"@type":"GeoCoordinates","latitude":"47.98034890735268","longitude":"8.81216515766976"},"telephone":["0746196120"],"openingHoursSpecification":[{"@type":"OpeningHoursSpecification","dayOfWeek":["Monday","Tuesday","Wednesday","Thursday","Friday","Saturday","Sunday"],"opens":"09:00","closes":"17:00"}],"email":"info@solidus.info"},{"@type":"PostalAddress","@id":"https:\/\/www.solidus.info\/en\/cancellation-policy\/#local-main-place-address","streetAddress":"Ehrenbergstra\u00dfe 18","addressLocality":"Tuttlingen","postalCode":"78532","addressRegion":"Baden-W\u00fcrttemberg","addressCountry":"DE"},{"@type":"ImageObject","inLanguage":"en-US","@id":"https:\/\/www.solidus.info\/en\/cancellation-policy\/#local-main-organization-logo","url":"https:\/\/www.solidus.info\/wp-content\/uploads\/2025\/03\/Solidus_Logo_normal_flipping.png","contentUrl":"https:\/\/www.solidus.info\/wp-content\/uploads\/2025\/03\/Solidus_Logo_normal_flipping.png","width":1000,"height":449,"caption":"Solidschuhwerk GmbH"}]},"geo.placename":"Tuttlingen","geo.position":{"lat":"47.98034890735268","long":"8.81216515766976"},"geo.region":"Germany"},"_links":{"self":[{"href":"https:\/\/www.solidus.info\/en\/wp-json\/wp\/v2\/pages\/8107","targetHints":{"allow":["GET"]}}],"collection":[{"href":"https:\/\/www.solidus.info\/en\/wp-json\/wp\/v2\/pages"}],"about":[{"href":"https:\/\/www.solidus.info\/en\/wp-json\/wp\/v2\/types\/page"}],"author":[{"embeddable":true,"href":"https:\/\/www.solidus.info\/en\/wp-json\/wp\/v2\/users\/1"}],"replies":[{"embeddable":true,"href":"https:\/\/www.solidus.info\/en\/wp-json\/wp\/v2\/comments?post=8107"}],"version-history":[{"count":1,"href":"https:\/\/www.solidus.info\/en\/wp-json\/wp\/v2\/pages\/8107\/revisions"}],"predecessor-version":[{"id":8109,"href":"https:\/\/www.solidus.info\/en\/wp-json\/wp\/v2\/pages\/8107\/revisions\/8109"}],"wp:attachment":[{"href":"https:\/\/www.solidus.info\/en\/wp-json\/wp\/v2\/media?parent=8107"}],"curies":[{"name":"wp","href":"https:\/\/api.w.org\/{rel}","templated":true}]}}