{"id":8099,"date":"2025-03-13T14:53:43","date_gmt":"2025-03-13T14:53:43","guid":{"rendered":"https:\/\/solidus-shoes.de\/impressum\/"},"modified":"2026-01-20T15:43:37","modified_gmt":"2026-01-20T15:43:37","slug":"legal","status":"publish","type":"page","link":"https:\/\/www.solidus.info\/en\/legal\/","title":{"rendered":"Legal notice"},"content":{"rendered":"\t\t<div data-elementor-type=\"wp-page\" data-elementor-id=\"8099\" class=\"elementor elementor-8099 elementor-634\" data-elementor-post-type=\"page\">\n\t\t\t\t<div class=\"elementor-element elementor-element-82f78d2 e-flex e-con-boxed e-con e-parent\" data-id=\"82f78d2\" data-element_type=\"container\" data-e-type=\"container\">\n\t\t\t\t\t<div class=\"e-con-inner\">\n\t\t\t\t<div class=\"elementor-element elementor-element-be020e8 elementor-widget elementor-widget-heading\" data-id=\"be020e8\" data-element_type=\"widget\" data-e-type=\"widget\" data-widget_type=\"heading.default\">\n\t\t\t\t<div class=\"elementor-widget-container\">\n\t\t\t\t\t<h2 class=\"elementor-heading-title elementor-size-default\">Impressum<\/h2>\t\t\t\t<\/div>\n\t\t\t\t<\/div>\n\t\t\t\t<div class=\"elementor-element elementor-element-2b5f2da elementor-widget elementor-widget-text-editor\" data-id=\"2b5f2da\" data-element_type=\"widget\" data-e-type=\"widget\" data-widget_type=\"text-editor.default\">\n\t\t\t\t<div class=\"elementor-widget-container\">\n\t\t\t\t\t\t\t\t\t<h3 data-start=\"657\" data-end=\"719\"><strong data-start=\"661\" data-end=\"717\">Inhaltlich Verantwortlicher gem\u00e4\u00df \u00a7 18 Absatz 2 MStV<\/strong><\/h3><p data-start=\"721\" data-end=\"800\"><strong data-start=\"721\" data-end=\"744\">Solidschuhwerk GmbH<\/strong><br data-start=\"744\" data-end=\"747\" \/>Ehrenbergstra\u00dfe 18<br data-start=\"765\" data-end=\"768\" \/>78532 Tuttlingen<br data-start=\"784\" data-end=\"787\" \/>Deutschland<\/p><p data-start=\"802\" data-end=\"914\">Telefon: <strong data-start=\"811\" data-end=\"838\">+49 (0) 7461 \/ 9612 &#8211; 0<\/strong><br data-start=\"838\" data-end=\"841\" \/>Telefax: <strong data-start=\"850\" data-end=\"880\">+49 (0) 7461 \/ 9612 &#8211; 9670<\/strong><br data-start=\"880\" data-end=\"883\" \/>E-Mail: <strong data-start=\"891\" data-end=\"912\"><a rel=\"noopener\" data-start=\"893\" data-end=\"910\">info@solidus.info<\/a><\/strong><\/p><p data-start=\"916\" data-end=\"986\">Vertreten durch:<br data-start=\"932\" data-end=\"935\" \/>Gesch\u00e4ftsf\u00fchrer <strong data-start=\"951\" data-end=\"984\">Thomas Bauerfeind, Uwe Decker<\/strong><\/p><p data-start=\"988\" data-end=\"1072\">Handelsregister:<br data-start=\"1004\" data-end=\"1007\" \/>Registergericht: <strong data-start=\"1024\" data-end=\"1037\">Stuttgart<\/strong><br data-start=\"1037\" data-end=\"1040\" \/>Registernummer: <strong data-start=\"1056\" data-end=\"1070\">HRB 450407<\/strong><\/p><p data-start=\"1074\" data-end=\"1143\">Umsatzsteuer-Identifikationsnummer gem\u00e4\u00df \u00a727a UStG: <strong data-start=\"1126\" data-end=\"1141\">DE811219806<\/strong><\/p><h3 data-start=\"158\" data-end=\"194\"><strong data-start=\"162\" data-end=\"192\">Betreiber des Onlineshops:<\/strong><\/h3><p data-start=\"195\" data-end=\"288\"><strong data-start=\"195\" data-end=\"224\">MARC Shoes &amp; Fashion GmbH<\/strong><br data-start=\"224\" data-end=\"227\" \/>Albin-May-Stra\u00dfe 3<br data-start=\"245\" data-end=\"248\" \/>07937 Zeulenroda-Triebes<br data-start=\"272\" data-end=\"275\" \/>Deutschland<\/p><p data-start=\"290\" data-end=\"456\">Telefon: <strong data-start=\"299\" data-end=\"321\">+49 36628 66 59 11<\/strong><br data-start=\"321\" data-end=\"324\" \/>Fax: <strong data-start=\"329\" data-end=\"351\">+49 36628 66 59 19<\/strong><br data-start=\"351\" data-end=\"354\" \/>E-Mail: <strong data-start=\"362\" data-end=\"384\"><a rel=\"noopener\" data-start=\"364\" data-end=\"382\">info@marcshoes.com<\/a><\/strong><br data-start=\"384\" data-end=\"387\" \/>Website: <a href=\"https:\/\/www.shoesandfashion.com\" target=\"_new\" rel=\"noopener\" data-start=\"396\" data-end=\"454\">www.shoesandfashion.com<\/a><\/p><p data-start=\"458\" data-end=\"497\">Gesch\u00e4ftsf\u00fchrerin: <strong data-start=\"477\" data-end=\"495\">Romina Regener<\/strong><\/p><p data-start=\"499\" data-end=\"579\">Handelsregister:<br data-start=\"515\" data-end=\"518\" \/>Registergericht: <strong data-start=\"535\" data-end=\"543\">Jena<\/strong><br data-start=\"543\" data-end=\"546\" \/>Registernummer: <strong data-start=\"562\" data-end=\"577\">HRB 513 957<\/strong><\/p><p data-start=\"581\" data-end=\"650\">Umsatzsteuer-Identifikationsnummer gem\u00e4\u00df \u00a727a UStG: <strong data-start=\"633\" data-end=\"648\">DE254982556<\/strong><\/p><hr data-start=\"652\" data-end=\"655\" \/><p data-start=\"1074\" data-end=\"1143\">\u00a0<\/p><h3 data-start=\"1150\" data-end=\"1180\"><strong data-start=\"1154\" data-end=\"1178\">Rechtliche Hinweise:<\/strong><\/h3><h4 data-start=\"1182\" data-end=\"1215\"><strong data-start=\"1187\" data-end=\"1213\">Online-Streitbeilegung<\/strong><\/h4><p data-start=\"1216\" data-end=\"1419\">Die Europ\u00e4ische Kommission stellt unter <a href=\"https:\/\/ec.europa.eu\/consumers\/odr\/\" target=\"_new\" rel=\"noopener\" data-start=\"1256\" data-end=\"1330\">https:\/\/ec.europa.eu\/consumers\/odr\/<\/a> eine Plattform zur Online-Streitbeilegung (nach Art. 14 Abs. 1 ODR-Verordnung) bereit.<\/p><h4 data-start=\"1421\" data-end=\"1490\"><strong data-start=\"1426\" data-end=\"1488\">Hinweis nach \u00a7 36 Verbraucherstreitbeilegungsgesetz (VSBG)<\/strong><\/h4><p data-start=\"1491\" data-end=\"1689\">Die <strong data-start=\"1495\" data-end=\"1524\">MARC Shoes &amp; Fashion GmbH<\/strong> und die <strong data-start=\"1533\" data-end=\"1556\">Solidschuhwerk GmbH<\/strong> sind nicht verpflichtet und nicht bereit, an einem Streitbeilegungsverfahren vor einer Verbraucherschlichtungsstelle teilzunehmen.<\/p><hr data-start=\"1691\" data-end=\"1694\" \/><h3 data-start=\"1696\" data-end=\"1763\"><strong data-start=\"1700\" data-end=\"1761\">Das Impressum gilt auch f\u00fcr folgende Social Media Kan\u00e4le:<\/strong><\/h3><p data-start=\"1765\" data-end=\"2195\"><strong data-start=\"1765\" data-end=\"1778\">Facebook:<\/strong> <a href=\"https:\/\/www.facebook.com\/solidusschuhe\/\" target=\"_new\" rel=\"noopener\" data-start=\"1779\" data-end=\"1853\">www.facebook.com\/solidusschuhe\/<\/a><br data-start=\"1853\" data-end=\"1856\" \/><strong data-start=\"1856\" data-end=\"1868\">YouTube:<\/strong> <a href=\"https:\/\/www.youtube.com\/channel\/UCkv6kZdHhJoNYI4Y0uu7naw\" target=\"_new\" rel=\"noopener\" data-start=\"1869\" data-end=\"1977\">www.youtube.com\/channel\/UCkv6kZdHhJoNYI4Y0uu7naw<\/a><br data-start=\"1977\" data-end=\"1980\" \/><strong data-start=\"1980\" data-end=\"1994\">Instagram:<\/strong> <a href=\"https:\/\/www.instagram.com\/solidus_schuhe\/\" target=\"_new\" rel=\"noopener\" data-start=\"1995\" data-end=\"2073\">www.instagram.com\/solidus_schuhe\/<\/a><br data-start=\"2073\" data-end=\"2076\" \/><strong data-start=\"2076\" data-end=\"2090\">Pinterest:<\/strong> <a href=\"https:\/\/www.pinterest.de\/solidus_schuhe\/_created\/\" target=\"_new\" rel=\"noopener\" data-start=\"2091\" data-end=\"2193\">https:\/\/www.pinterest.de\/solidus_schuhe\/_created\/<\/a><\/p>\t\t\t\t\t\t\t\t<\/div>\n\t\t\t\t<\/div>\n\t\t\t\t\t<\/div>\n\t\t\t\t<\/div>\n\t\t\t\t<\/div>\n\t\t","protected":false},"excerpt":{"rendered":"<p>Impressum Inhaltlich Verantwortlicher gem\u00e4\u00df \u00a7 18 Absatz 2 MStV Solidschuhwerk GmbHEhrenbergstra\u00dfe 1878532 TuttlingenDeutschland Telefon: +49 (0) 7461 \/ 9612 &#8211; [&hellip;]<\/p>\n","protected":false},"author":1,"featured_media":0,"parent":0,"menu_order":0,"comment_status":"closed","ping_status":"closed","template":"","meta":{"site-sidebar-layout":"no-sidebar","site-content-layout":"","ast-site-content-layout":"full-width-container","site-content-style":"default","site-sidebar-style":"default","ast-global-header-display":"","ast-banner-title-visibility":"","ast-main-header-display":"","ast-hfb-above-header-display":"","ast-hfb-below-header-display":"","ast-hfb-mobile-header-display":"","site-post-title":"disabled","ast-breadcrumbs-content":"","ast-featured-img":"disabled","footer-sml-layout":"","ast-disable-related-posts":"","theme-transparent-header-meta":"","adv-header-id-meta":"","stick-header-meta":"","header-above-stick-meta":"","header-main-stick-meta":"","header-below-stick-meta":"","astra-migrate-meta-layouts":"default","ast-page-background-enabled":"default","ast-page-background-meta":{"desktop":{"background-color":"var(--ast-global-color-5)","background-image":"","background-repeat":"repeat","background-position":"center center","background-size":"auto","background-attachment":"scroll","background-type":"","background-media":"","overlay-type":"","overlay-color":"","overlay-opacity":"","overlay-gradient":""},"tablet":{"background-color":"","background-image":"","background-repeat":"repeat","background-position":"center center","background-size":"auto","background-attachment":"scroll","background-type":"","background-media":"","overlay-type":"","overlay-color":"","overlay-opacity":"","overlay-gradient":""},"mobile":{"background-color":"","background-image":"","background-repeat":"repeat","background-position":"center center","background-size":"auto","background-attachment":"scroll","background-type":"","background-media":"","overlay-type":"","overlay-color":"","overlay-opacity":"","overlay-gradient":""}},"ast-content-background-meta":{"desktop":{"background-color":"var(--ast-global-color-4)","background-image":"","background-repeat":"repeat","background-position":"center center","background-size":"auto","background-attachment":"scroll","background-type":"","background-media":"","overlay-type":"","overlay-color":"","overlay-opacity":"","overlay-gradient":""},"tablet":{"background-color":"var(--ast-global-color-4)","background-image":"","background-repeat":"repeat","background-position":"center center","background-size":"auto","background-attachment":"scroll","background-type":"","background-media":"","overlay-type":"","overlay-color":"","overlay-opacity":"","overlay-gradient":""},"mobile":{"background-color":"var(--ast-global-color-4)","background-image":"","background-repeat":"repeat","background-position":"center center","background-size":"auto","background-attachment":"scroll","background-type":"","background-media":"","overlay-type":"","overlay-color":"","overlay-opacity":"","overlay-gradient":""}},"_themeisle_gutenberg_block_has_review":false,"footnotes":""},"class_list":["post-8099","page","type-page","status-publish","hentry"],"yoast_head":"<!-- This site is optimized with the Yoast SEO Premium plugin v27.3 (Yoast SEO v27.3) - https:\/\/yoast.com\/product\/yoast-seo-premium-wordpress\/ -->\n<title>Solidus Impressum \u2013 Anbieterkennzeichnung &amp; Kontakt<\/title>\n<meta name=\"description\" content=\"Im Solidus Impressum findest Du Details zu rechtlichen Hinweisen und Kontaktinformationen f\u00fcr die Solidschuhwerk GmbH.\" \/>\n<meta name=\"robots\" content=\"index, follow, max-snippet:-1, max-image-preview:large, max-video-preview:-1\" \/>\n<link rel=\"canonical\" href=\"https:\/\/www.solidus.info\/en\/legal\/\" \/>\n<meta property=\"og:locale\" content=\"en_US\" \/>\n<meta property=\"og:type\" content=\"article\" \/>\n<meta property=\"og:title\" content=\"Legal notice - Solidus Schuhe\" \/>\n<meta property=\"og:description\" content=\"Entdecke Legal notice von Solidus \u2013 hochwertige Bequemschuhe mit perfekter Passform, weichen Materialien und sp\u00fcrbarem Komfort f\u00fcr Deinen Alltag.\" \/>\n<meta property=\"og:url\" content=\"https:\/\/www.solidus.info\/en\/legal\/\" \/>\n<meta property=\"og:site_name\" content=\"Solidus Schuhe\" \/>\n<meta property=\"article:publisher\" content=\"https:\/\/de-de.facebook.com\/solidusschuhe\/\" \/>\n<meta property=\"article:modified_time\" content=\"2026-01-20T15:43:37+00:00\" \/>\n<meta property=\"og:image\" content=\"https:\/\/www.solidus.info\/wp-content\/uploads\/2026\/03\/Karima_45800_10343-70-scaled.jpg\" \/>\n\t<meta property=\"og:image:width\" content=\"2560\" \/>\n\t<meta property=\"og:image:height\" content=\"1706\" \/>\n\t<meta property=\"og:image:type\" content=\"image\/jpeg\" \/>\n<meta name=\"twitter:card\" content=\"summary_large_image\" \/>\n<script type=\"application\/ld+json\" class=\"yoast-schema-graph\">{\"@context\":\"https:\\\/\\\/schema.org\",\"@graph\":[{\"@type\":\"WebPage\",\"@id\":\"https:\\\/\\\/www.solidus.info\\\/en\\\/legal\\\/\",\"url\":\"https:\\\/\\\/www.solidus.info\\\/en\\\/legal\\\/\",\"name\":\"Solidus Impressum \u2013 Anbieterkennzeichnung & Kontakt\",\"isPartOf\":{\"@id\":\"https:\\\/\\\/www.solidus.info\\\/en\\\/wordpress\\\/#website\"},\"datePublished\":\"2025-03-13T14:53:43+00:00\",\"dateModified\":\"2026-01-20T15:43:37+00:00\",\"description\":\"Im Solidus Impressum findest Du Details zu rechtlichen Hinweisen und Kontaktinformationen f\u00fcr die Solidschuhwerk GmbH.\",\"breadcrumb\":{\"@id\":\"https:\\\/\\\/www.solidus.info\\\/en\\\/legal\\\/#breadcrumb\"},\"inLanguage\":\"en-US\",\"potentialAction\":[{\"@type\":\"ReadAction\",\"target\":[\"https:\\\/\\\/www.solidus.info\\\/en\\\/legal\\\/\"]}]},{\"@type\":\"BreadcrumbList\",\"@id\":\"https:\\\/\\\/www.solidus.info\\\/en\\\/legal\\\/#breadcrumb\",\"itemListElement\":[{\"@type\":\"ListItem\",\"position\":1,\"name\":\"Start\",\"item\":\"https:\\\/\\\/www.solidus.info\\\/en\\\/\"},{\"@type\":\"ListItem\",\"position\":2,\"name\":\"Legal notice\"}]},{\"@type\":\"WebSite\",\"@id\":\"https:\\\/\\\/www.solidus.info\\\/en\\\/wordpress\\\/#website\",\"url\":\"https:\\\/\\\/www.solidus.info\\\/en\\\/wordpress\\\/\",\"name\":\"Solidus Schuhe\",\"description\":\"Entdecke die bequemen und hochwertigen Schuhe von Solidus. Perfekt f\u00fcr empfindliche F\u00fc\u00dfe, orthop\u00e4dische Einlagen und maximalen Komfort. Finde jetzt deine neuen Lieblingsschuhe!\",\"publisher\":{\"@id\":\"https:\\\/\\\/www.solidus.info\\\/en\\\/wordpress\\\/#organization\"},\"alternateName\":\"Solidschuhwerk GmbH\",\"potentialAction\":[{\"@type\":\"SearchAction\",\"target\":{\"@type\":\"EntryPoint\",\"urlTemplate\":\"https:\\\/\\\/www.solidus.info\\\/en\\\/wordpress\\\/?s={search_term_string}\"},\"query-input\":{\"@type\":\"PropertyValueSpecification\",\"valueRequired\":true,\"valueName\":\"search_term_string\"}}],\"inLanguage\":\"en-US\"},{\"@type\":[\"Organization\",\"Place\"],\"@id\":\"https:\\\/\\\/www.solidus.info\\\/en\\\/wordpress\\\/#organization\",\"name\":\"Solidschuhwerk GmbH\",\"alternateName\":\"Solidus\",\"url\":\"https:\\\/\\\/www.solidus.info\\\/en\\\/wordpress\\\/\",\"logo\":{\"@id\":\"https:\\\/\\\/www.solidus.info\\\/en\\\/legal\\\/#local-main-organization-logo\"},\"image\":{\"@id\":\"https:\\\/\\\/www.solidus.info\\\/en\\\/legal\\\/#local-main-organization-logo\"},\"sameAs\":[\"https:\\\/\\\/de-de.facebook.com\\\/solidusschuhe\\\/\",\"https:\\\/\\\/www.instagram.com\\\/solidus_schuhe\\\/\",\"https:\\\/\\\/www.youtube.com\\\/channel\\\/UCkv6kZdHhJoNYI4Y0uu7naw\",\"https:\\\/\\\/de.linkedin.com\\\/company\\\/solidschuhwerk\"],\"description\":\"Solidus ist ein traditionsreicher deutscher Bequemschuhhersteller mit Sitz in Tuttlingen. Das Unternehmen entwickelt und produziert hochwertige Komfortschuhe, die auf Passform, Stabilit\u00e4t und sp\u00fcrbare Entlastung im Alltag ausgelegt sind \u2013 auch f\u00fcr sensible F\u00fc\u00dfe und besondere Anforderungen. Im Mittelpunkt stehen langlebige Materialien, sorgf\u00e4ltige Verarbeitung und ein hoher Qualit\u00e4tsanspruch \u201eMade in Europe\u201c. Solidus arbeitet eng mit dem Fachhandel zusammen und verbindet bew\u00e4hrtes Handwerk mit modernen Produktions- und Qualit\u00e4tsstandards.\",\"legalName\":\"Solidschuhwerk GmbH\",\"foundingDate\":\"1910-01-01\",\"numberOfEmployees\":{\"@type\":\"QuantitativeValue\",\"minValue\":\"11\",\"maxValue\":\"50\"},\"address\":{\"@id\":\"https:\\\/\\\/www.solidus.info\\\/en\\\/legal\\\/#local-main-place-address\"},\"geo\":{\"@type\":\"GeoCoordinates\",\"latitude\":\"47.98034890735268\",\"longitude\":\"8.81216515766976\"},\"telephone\":[\"0746196120\"],\"openingHoursSpecification\":[{\"@type\":\"OpeningHoursSpecification\",\"dayOfWeek\":[\"Monday\",\"Tuesday\",\"Wednesday\",\"Thursday\",\"Friday\",\"Saturday\",\"Sunday\"],\"opens\":\"09:00\",\"closes\":\"17:00\"}],\"email\":\"info@solidus.info\"},{\"@type\":\"PostalAddress\",\"@id\":\"https:\\\/\\\/www.solidus.info\\\/en\\\/legal\\\/#local-main-place-address\",\"streetAddress\":\"Ehrenbergstra\u00dfe 18\",\"addressLocality\":\"Tuttlingen\",\"postalCode\":\"78532\",\"addressRegion\":\"Baden-W\u00fcrttemberg\",\"addressCountry\":\"DE\"},{\"@type\":\"ImageObject\",\"inLanguage\":\"en-US\",\"@id\":\"https:\\\/\\\/www.solidus.info\\\/en\\\/legal\\\/#local-main-organization-logo\",\"url\":\"https:\\\/\\\/www.solidus.info\\\/wp-content\\\/uploads\\\/2025\\\/03\\\/Solidus_Logo_normal_flipping.png\",\"contentUrl\":\"https:\\\/\\\/www.solidus.info\\\/wp-content\\\/uploads\\\/2025\\\/03\\\/Solidus_Logo_normal_flipping.png\",\"width\":1000,\"height\":449,\"caption\":\"Solidschuhwerk GmbH\"}]}<\/script>\n<meta name=\"geo.placename\" content=\"Tuttlingen\" \/>\n<meta name=\"geo.position\" content=\"47.98034890735268;8.81216515766976\" \/>\n<meta name=\"geo.region\" content=\"Germany\" \/>\n<!-- \/ Yoast SEO Premium plugin. -->","yoast_head_json":{"title":"Solidus Impressum \u2013 Anbieterkennzeichnung & Kontakt","description":"Im Solidus Impressum findest Du Details zu rechtlichen Hinweisen und Kontaktinformationen f\u00fcr die Solidschuhwerk GmbH.","robots":{"index":"index","follow":"follow","max-snippet":"max-snippet:-1","max-image-preview":"max-image-preview:large","max-video-preview":"max-video-preview:-1"},"canonical":"https:\/\/www.solidus.info\/en\/legal\/","og_locale":"en_US","og_type":"article","og_title":"Legal notice - Solidus Schuhe","og_description":"Entdecke Legal notice von Solidus \u2013 hochwertige Bequemschuhe mit perfekter Passform, weichen Materialien und sp\u00fcrbarem Komfort f\u00fcr Deinen Alltag.","og_url":"https:\/\/www.solidus.info\/en\/legal\/","og_site_name":"Solidus Schuhe","article_publisher":"https:\/\/de-de.facebook.com\/solidusschuhe\/","article_modified_time":"2026-01-20T15:43:37+00:00","og_image":[{"width":2560,"height":1706,"url":"https:\/\/www.solidus.info\/wp-content\/uploads\/2026\/03\/Karima_45800_10343-70-scaled.jpg","type":"image\/jpeg"}],"twitter_card":"summary_large_image","schema":{"@context":"https:\/\/schema.org","@graph":[{"@type":"WebPage","@id":"https:\/\/www.solidus.info\/en\/legal\/","url":"https:\/\/www.solidus.info\/en\/legal\/","name":"Solidus Impressum \u2013 Anbieterkennzeichnung & Kontakt","isPartOf":{"@id":"https:\/\/www.solidus.info\/en\/wordpress\/#website"},"datePublished":"2025-03-13T14:53:43+00:00","dateModified":"2026-01-20T15:43:37+00:00","description":"Im Solidus Impressum findest Du Details zu rechtlichen Hinweisen und Kontaktinformationen f\u00fcr die Solidschuhwerk GmbH.","breadcrumb":{"@id":"https:\/\/www.solidus.info\/en\/legal\/#breadcrumb"},"inLanguage":"en-US","potentialAction":[{"@type":"ReadAction","target":["https:\/\/www.solidus.info\/en\/legal\/"]}]},{"@type":"BreadcrumbList","@id":"https:\/\/www.solidus.info\/en\/legal\/#breadcrumb","itemListElement":[{"@type":"ListItem","position":1,"name":"Start","item":"https:\/\/www.solidus.info\/en\/"},{"@type":"ListItem","position":2,"name":"Legal notice"}]},{"@type":"WebSite","@id":"https:\/\/www.solidus.info\/en\/wordpress\/#website","url":"https:\/\/www.solidus.info\/en\/wordpress\/","name":"Solidus Schuhe","description":"Entdecke die bequemen und hochwertigen Schuhe von Solidus. Perfekt f\u00fcr empfindliche F\u00fc\u00dfe, orthop\u00e4dische Einlagen und maximalen Komfort. Finde jetzt deine neuen Lieblingsschuhe!","publisher":{"@id":"https:\/\/www.solidus.info\/en\/wordpress\/#organization"},"alternateName":"Solidschuhwerk GmbH","potentialAction":[{"@type":"SearchAction","target":{"@type":"EntryPoint","urlTemplate":"https:\/\/www.solidus.info\/en\/wordpress\/?s={search_term_string}"},"query-input":{"@type":"PropertyValueSpecification","valueRequired":true,"valueName":"search_term_string"}}],"inLanguage":"en-US"},{"@type":["Organization","Place"],"@id":"https:\/\/www.solidus.info\/en\/wordpress\/#organization","name":"Solidschuhwerk GmbH","alternateName":"Solidus","url":"https:\/\/www.solidus.info\/en\/wordpress\/","logo":{"@id":"https:\/\/www.solidus.info\/en\/legal\/#local-main-organization-logo"},"image":{"@id":"https:\/\/www.solidus.info\/en\/legal\/#local-main-organization-logo"},"sameAs":["https:\/\/de-de.facebook.com\/solidusschuhe\/","https:\/\/www.instagram.com\/solidus_schuhe\/","https:\/\/www.youtube.com\/channel\/UCkv6kZdHhJoNYI4Y0uu7naw","https:\/\/de.linkedin.com\/company\/solidschuhwerk"],"description":"Solidus ist ein traditionsreicher deutscher Bequemschuhhersteller mit Sitz in Tuttlingen. Das Unternehmen entwickelt und produziert hochwertige Komfortschuhe, die auf Passform, Stabilit\u00e4t und sp\u00fcrbare Entlastung im Alltag ausgelegt sind \u2013 auch f\u00fcr sensible F\u00fc\u00dfe und besondere Anforderungen. Im Mittelpunkt stehen langlebige Materialien, sorgf\u00e4ltige Verarbeitung und ein hoher Qualit\u00e4tsanspruch \u201eMade in Europe\u201c. Solidus arbeitet eng mit dem Fachhandel zusammen und verbindet bew\u00e4hrtes Handwerk mit modernen Produktions- und Qualit\u00e4tsstandards.","legalName":"Solidschuhwerk GmbH","foundingDate":"1910-01-01","numberOfEmployees":{"@type":"QuantitativeValue","minValue":"11","maxValue":"50"},"address":{"@id":"https:\/\/www.solidus.info\/en\/legal\/#local-main-place-address"},"geo":{"@type":"GeoCoordinates","latitude":"47.98034890735268","longitude":"8.81216515766976"},"telephone":["0746196120"],"openingHoursSpecification":[{"@type":"OpeningHoursSpecification","dayOfWeek":["Monday","Tuesday","Wednesday","Thursday","Friday","Saturday","Sunday"],"opens":"09:00","closes":"17:00"}],"email":"info@solidus.info"},{"@type":"PostalAddress","@id":"https:\/\/www.solidus.info\/en\/legal\/#local-main-place-address","streetAddress":"Ehrenbergstra\u00dfe 18","addressLocality":"Tuttlingen","postalCode":"78532","addressRegion":"Baden-W\u00fcrttemberg","addressCountry":"DE"},{"@type":"ImageObject","inLanguage":"en-US","@id":"https:\/\/www.solidus.info\/en\/legal\/#local-main-organization-logo","url":"https:\/\/www.solidus.info\/wp-content\/uploads\/2025\/03\/Solidus_Logo_normal_flipping.png","contentUrl":"https:\/\/www.solidus.info\/wp-content\/uploads\/2025\/03\/Solidus_Logo_normal_flipping.png","width":1000,"height":449,"caption":"Solidschuhwerk GmbH"}]},"geo.placename":"Tuttlingen","geo.position":{"lat":"47.98034890735268","long":"8.81216515766976"},"geo.region":"Germany"},"_links":{"self":[{"href":"https:\/\/www.solidus.info\/en\/wp-json\/wp\/v2\/pages\/8099","targetHints":{"allow":["GET"]}}],"collection":[{"href":"https:\/\/www.solidus.info\/en\/wp-json\/wp\/v2\/pages"}],"about":[{"href":"https:\/\/www.solidus.info\/en\/wp-json\/wp\/v2\/types\/page"}],"author":[{"embeddable":true,"href":"https:\/\/www.solidus.info\/en\/wp-json\/wp\/v2\/users\/1"}],"replies":[{"embeddable":true,"href":"https:\/\/www.solidus.info\/en\/wp-json\/wp\/v2\/comments?post=8099"}],"version-history":[{"count":1,"href":"https:\/\/www.solidus.info\/en\/wp-json\/wp\/v2\/pages\/8099\/revisions"}],"predecessor-version":[{"id":8101,"href":"https:\/\/www.solidus.info\/en\/wp-json\/wp\/v2\/pages\/8099\/revisions\/8101"}],"wp:attachment":[{"href":"https:\/\/www.solidus.info\/en\/wp-json\/wp\/v2\/media?parent=8099"}],"curies":[{"name":"wp","href":"https:\/\/api.w.org\/{rel}","templated":true}]}}