{"id":7758,"date":"2025-03-13T14:56:22","date_gmt":"2025-03-13T14:56:22","guid":{"rendered":"https:\/\/solidus-shoes.de\/agb\/"},"modified":"2026-01-20T15:45:27","modified_gmt":"2026-01-20T15:45:27","slug":"terms-and-conditions","status":"publish","type":"page","link":"https:\/\/www.solidus.info\/en\/terms-and-conditions\/","title":{"rendered":"Terms and Conditions"},"content":{"rendered":"\t\t<div data-elementor-type=\"wp-page\" data-elementor-id=\"7758\" class=\"elementor elementor-7758 elementor-640\" data-elementor-post-type=\"page\">\n\t\t\t\t<div class=\"elementor-element elementor-element-7e064d2 e-flex e-con-boxed e-con e-parent\" data-id=\"7e064d2\" data-element_type=\"container\" data-e-type=\"container\">\n\t\t\t\t\t<div class=\"e-con-inner\">\n\t\t\t\t<div class=\"elementor-element elementor-element-7ab61d4 elementor-widget elementor-widget-heading\" data-id=\"7ab61d4\" data-element_type=\"widget\" data-e-type=\"widget\" data-widget_type=\"heading.default\">\n\t\t\t\t<div class=\"elementor-widget-container\">\n\t\t\t\t\t<h2 class=\"elementor-heading-title elementor-size-default\">AGB<\/h2>\t\t\t\t<\/div>\n\t\t\t\t<\/div>\n\t\t\t\t<div class=\"elementor-element elementor-element-4b427c3 elementor-widget elementor-widget-text-editor\" data-id=\"4b427c3\" data-element_type=\"widget\" data-e-type=\"widget\" data-widget_type=\"text-editor.default\">\n\t\t\t\t<div class=\"elementor-widget-container\">\n\t\t\t\t\t\t\t\t\t<h3 data-start=\"154\" data-end=\"201\"><strong data-start=\"158\" data-end=\"199\">Allgemeine Gesch\u00e4ftsbedingungen (AGB)<\/strong><\/h3><h4 data-start=\"203\" data-end=\"232\"><strong data-start=\"208\" data-end=\"230\">Inhaltsverzeichnis<\/strong><\/h4><p>Allgemeine Gesch\u00e4ftsbedingungen (AGB)<\/p><p>Inhaltsverzeichnis<\/p><p>I. Geltungsbereich, Vertragspartner, Kundenservice<br \/>II. Vertragsschluss<br \/>III. Widerrufsrecht<br \/>IV. Lieferbedingungen<br \/>V. Zahlungsbedingungen<br \/>VI. Eigentumsvorbehalt<br \/>VII. Gew\u00e4hrleistung<br \/>VIII. Verbraucherschlichtungsstelle<br \/>IX. Online-Streitbeilegung<br \/>X. Anwendbares Recht und Gerichtsstand<\/p><hr \/><p>I. Geltungsbereich, Vertragspartner, Kundenservice<\/p><p>(1) Die nachfolgenden Allgemeinen Gesch\u00e4ftsbedingungen (nachfolgend: \u201eAGB\u201c) gelten f\u00fcr alle Vertr\u00e4ge, die \u00fcber den Online-Shop der MARC Shoes &amp; Fashion GmbH geschlossen werden. Die Imageseite von Solidus dient lediglich zur Information und stellt keinen Online-Shop dar.<\/p><p>(2) Vertragspartner f\u00fcr den Kauf im Online-Shop ist:<\/p><p>MARC Shoes &amp; Fashion GmbH<br \/>Albin-May-Stra\u00dfe 3<br \/>07937 Zeulenroda-Triebes<br \/>Deutschland<br \/>Telefon: +49 36628 66 59 11<br \/>Fax: +49 36628 66 59 19<br \/>E-Mail: <a href=\"mailto:info@marcshoes.com\">info@marcshoes.com<\/a><br \/>Website: <a href=\"http:\/\/www.shoesandfashion.com\/\">www.shoesandfashion.com<\/a><br \/>Gesch\u00e4ftsf\u00fchrerin: Romina Regener<br \/>Registergericht: Amtsgericht Jena<br \/>Registernummer: HRB 513 957<br \/>Umsatzsteuer-Identifikationsnummer: DE254982556<\/p><p>(3) Der Kundenservice ist erreichbar von Montag bis Freitag zwischen 09:00 und 17:00 Uhr unter der Telefonnummer +49 36628 66 59 11 oder per E-Mail an <a href=\"mailto:info@marcshoes.com\">info@marcshoes.com<\/a>.<\/p><hr \/><p>II. Vertragsschluss<\/p><p>(1) Die Darstellung von Produkten auf der Website stellt kein rechtlich bindendes Angebot dar, sondern eine Einladung zur Abgabe eines Angebots durch den Kunden.<\/p><p>(2) Der Vertragsschluss erfolgt in folgenden Schritten:<\/p><ul><li>Auswahl der Produkte und Ablegen im Warenkorb<\/li><li>Eingabe der Kundendaten und Auswahl der Zahlungsart<\/li><li>\u00dcberpr\u00fcfung und Best\u00e4tigung der Bestellung<\/li><li>Abgabe eines verbindlichen Angebots durch Anklicken des Buttons &#8220;Zahlungspflichtig bestellen&#8221;<\/li><li>Best\u00e4tigung des Bestelleingangs per E-Mail (keine Vertragsannahme)<\/li><li>Vertragsannahme durch separate Auftragsbest\u00e4tigung oder Versand der Ware<\/li><\/ul><p>(3) Der Vertragstext wird nicht gespeichert und kann nach Abschluss nicht mehr abgerufen werden.<\/p><p>(4) Vertragssprache ist Deutsch.<\/p><hr \/><p>III. Widerrufsrecht<\/p><p>Falls du Verbraucher im Sinne des \u00a7 13 BGB bist, hast du ein gesetzliches Widerrufsrecht. Details dazu findest du in unserer Widerrufsbelehrung.<\/p><hr \/><p>IV. Lieferbedingungen<\/p><p>(1) Die Lieferung erfolgt an die vom Kunden angegebene Adresse.<\/p><p>(2) Lieferzeit: 2-4 Werktage, sofern in der Produktbeschreibung nicht anders angegeben.<\/p><p>(3) Eine Selbstabholung der Ware ist nicht m\u00f6glich.<\/p><hr \/><p>V. Zahlungsbedingungen<\/p><p>Folgende Zahlungsarten stehen zur Verf\u00fcgung:<\/p><p>(1) Kreditkarte (VISA, MasterCard, Maestro) \u00fcber den Zahlungsdienstleister Wallee AG, General-Guisan-Strasse 47, CH-8400 Winterthur (Schweiz).<\/p><p>(2) PayPal (PayPal-Konto oder Gastzahlung per Kreditkarte, Lastschrift oder Rechnung).<\/p><p>(3) Sofort\u00fcberweisung (Klarna) \u2013 Direktzahlung \u00fcber das Online-Banking-System.<\/p><p>(4) Apple Pay \/ Google Pay \u2013 Bezahlung \u00fcber das mobile Zahlungssystem des jeweiligen Anbieters.<\/p><p>Weitere Details zur Zahlungsabwicklung findest du in den AGBs der jeweiligen Zahlungsdienstleister.<\/p><hr \/><p>VI. Eigentumsvorbehalt<\/p><p>Die Ware bleibt bis zur vollst\u00e4ndigen Bezahlung Eigentum der MARC Shoes &amp; Fashion GmbH.<\/p><hr \/><p>VII. Gew\u00e4hrleistung<\/p><p>(1) Es gelten die gesetzlichen Gew\u00e4hrleistungsrechte gem\u00e4\u00df \u00a7\u00a7 434 ff. BGB.<\/p><p>(2) Falls die Ware offensichtliche Transportsch\u00e4den aufweist, bitten wir dich, diese beim Zusteller zu reklamieren und uns dar\u00fcber zu informieren. Dies ist jedoch keine Voraussetzung f\u00fcr die Geltendmachung von Gew\u00e4hrleistungsanspr\u00fcchen.<\/p><hr \/><p>VIII. Verbraucherschlichtungsstelle<\/p><p>Wir sind nicht bereit und nicht verpflichtet, an Streitbeilegungsverfahren vor einer Verbraucherschlichtungsstelle teilzunehmen.<\/p><hr \/><p>IX. Online-Streitbeilegung<\/p><p>Die EU-Kommission stellt eine Plattform zur Online-Streitbeilegung (OS-Plattform) bereit:<br \/><a href=\"https:\/\/ec.europa.eu\/consumers\/odr\/\">https:\/\/ec.europa.eu\/consumers\/odr\/<\/a><\/p><hr \/><p>X. Anwendbares Recht und Gerichtsstand<\/p><p>(1) Es gilt das Recht der Bundesrepublik Deutschland unter Ausschluss des UN-Kaufrechts.<\/p><p>(2) F\u00fcr Kaufleute und juristische Personen ist der Gerichtsstand Zeulenroda-Triebes.<\/p>\t\t\t\t\t\t\t\t<\/div>\n\t\t\t\t<\/div>\n\t\t\t\t\t<\/div>\n\t\t\t\t<\/div>\n\t\t\t\t<\/div>\n\t\t","protected":false},"excerpt":{"rendered":"<p>AGB Allgemeine Gesch\u00e4ftsbedingungen (AGB) Inhaltsverzeichnis Allgemeine Gesch\u00e4ftsbedingungen (AGB) Inhaltsverzeichnis I. Geltungsbereich, Vertragspartner, KundenserviceII. VertragsschlussIII. WiderrufsrechtIV. LieferbedingungenV. ZahlungsbedingungenVI. EigentumsvorbehaltVII. Gew\u00e4hrleistungVIII. VerbraucherschlichtungsstelleIX. [&hellip;]<\/p>\n","protected":false},"author":1,"featured_media":0,"parent":0,"menu_order":0,"comment_status":"closed","ping_status":"closed","template":"","meta":{"site-sidebar-layout":"no-sidebar","site-content-layout":"","ast-site-content-layout":"full-width-container","site-content-style":"default","site-sidebar-style":"default","ast-global-header-display":"","ast-banner-title-visibility":"","ast-main-header-display":"","ast-hfb-above-header-display":"","ast-hfb-below-header-display":"","ast-hfb-mobile-header-display":"","site-post-title":"disabled","ast-breadcrumbs-content":"","ast-featured-img":"disabled","footer-sml-layout":"","ast-disable-related-posts":"","theme-transparent-header-meta":"","adv-header-id-meta":"","stick-header-meta":"","header-above-stick-meta":"","header-main-stick-meta":"","header-below-stick-meta":"","astra-migrate-meta-layouts":"default","ast-page-background-enabled":"default","ast-page-background-meta":{"desktop":{"background-color":"var(--ast-global-color-5)","background-image":"","background-repeat":"repeat","background-position":"center center","background-size":"auto","background-attachment":"scroll","background-type":"","background-media":"","overlay-type":"","overlay-color":"","overlay-opacity":"","overlay-gradient":""},"tablet":{"background-color":"","background-image":"","background-repeat":"repeat","background-position":"center center","background-size":"auto","background-attachment":"scroll","background-type":"","background-media":"","overlay-type":"","overlay-color":"","overlay-opacity":"","overlay-gradient":""},"mobile":{"background-color":"","background-image":"","background-repeat":"repeat","background-position":"center center","background-size":"auto","background-attachment":"scroll","background-type":"","background-media":"","overlay-type":"","overlay-color":"","overlay-opacity":"","overlay-gradient":""}},"ast-content-background-meta":{"desktop":{"background-color":"var(--ast-global-color-4)","background-image":"","background-repeat":"repeat","background-position":"center center","background-size":"auto","background-attachment":"scroll","background-type":"","background-media":"","overlay-type":"","overlay-color":"","overlay-opacity":"","overlay-gradient":""},"tablet":{"background-color":"var(--ast-global-color-4)","background-image":"","background-repeat":"repeat","background-position":"center center","background-size":"auto","background-attachment":"scroll","background-type":"","background-media":"","overlay-type":"","overlay-color":"","overlay-opacity":"","overlay-gradient":""},"mobile":{"background-color":"var(--ast-global-color-4)","background-image":"","background-repeat":"repeat","background-position":"center center","background-size":"auto","background-attachment":"scroll","background-type":"","background-media":"","overlay-type":"","overlay-color":"","overlay-opacity":"","overlay-gradient":""}},"_themeisle_gutenberg_block_has_review":false,"footnotes":""},"class_list":["post-7758","page","type-page","status-publish","hentry"],"yoast_head":"<!-- This site is optimized with the Yoast SEO Premium plugin v27.3 (Yoast SEO v27.3) - https:\/\/yoast.com\/product\/yoast-seo-premium-wordpress\/ -->\n<title>Allgemeine Gesch\u00e4ftsbedingungen \u2013 Solidus<\/title>\n<meta name=\"description\" content=\"Hier findest du die Solidus AGB mit allen Infos zu Bestellung, Versand, R\u00fcckgabe und gesetzlichen Rechten\" \/>\n<meta name=\"robots\" content=\"index, follow, max-snippet:-1, max-image-preview:large, max-video-preview:-1\" \/>\n<link rel=\"canonical\" href=\"https:\/\/www.solidus.info\/en\/terms-and-conditions\/\" \/>\n<meta property=\"og:locale\" content=\"en_US\" \/>\n<meta property=\"og:type\" content=\"article\" \/>\n<meta property=\"og:title\" content=\"Terms and Conditions - Solidus Schuhe\" \/>\n<meta property=\"og:description\" content=\"Entdecke Terms and Conditions von Solidus \u2013 hochwertige Bequemschuhe mit perfekter Passform, weichen Materialien und sp\u00fcrbarem Komfort f\u00fcr Deinen Alltag.\" \/>\n<meta property=\"og:url\" content=\"https:\/\/www.solidus.info\/en\/terms-and-conditions\/\" \/>\n<meta property=\"og:site_name\" content=\"Solidus Schuhe\" \/>\n<meta property=\"article:publisher\" content=\"https:\/\/de-de.facebook.com\/solidusschuhe\/\" \/>\n<meta property=\"article:modified_time\" content=\"2026-01-20T15:45:27+00:00\" \/>\n<meta property=\"og:image\" content=\"https:\/\/www.solidus.info\/wp-content\/uploads\/2026\/03\/Karima_45800_10343-70-scaled.jpg\" \/>\n\t<meta property=\"og:image:width\" content=\"2560\" \/>\n\t<meta property=\"og:image:height\" content=\"1706\" \/>\n\t<meta property=\"og:image:type\" content=\"image\/jpeg\" \/>\n<meta name=\"twitter:card\" content=\"summary_large_image\" \/>\n<meta name=\"twitter:label1\" content=\"Est. reading time\" \/>\n\t<meta name=\"twitter:data1\" content=\"3 minutes\" \/>\n<script type=\"application\/ld+json\" class=\"yoast-schema-graph\">{\"@context\":\"https:\\\/\\\/schema.org\",\"@graph\":[{\"@type\":\"WebPage\",\"@id\":\"https:\\\/\\\/www.solidus.info\\\/en\\\/terms-and-conditions\\\/\",\"url\":\"https:\\\/\\\/www.solidus.info\\\/en\\\/terms-and-conditions\\\/\",\"name\":\"Allgemeine Gesch\u00e4ftsbedingungen \u2013 Solidus\",\"isPartOf\":{\"@id\":\"https:\\\/\\\/www.solidus.info\\\/en\\\/wordpress\\\/#website\"},\"datePublished\":\"2025-03-13T14:56:22+00:00\",\"dateModified\":\"2026-01-20T15:45:27+00:00\",\"description\":\"Hier findest du die Solidus AGB mit allen Infos zu Bestellung, Versand, R\u00fcckgabe und gesetzlichen Rechten\",\"breadcrumb\":{\"@id\":\"https:\\\/\\\/www.solidus.info\\\/en\\\/terms-and-conditions\\\/#breadcrumb\"},\"inLanguage\":\"en-US\",\"potentialAction\":[{\"@type\":\"ReadAction\",\"target\":[\"https:\\\/\\\/www.solidus.info\\\/en\\\/terms-and-conditions\\\/\"]}]},{\"@type\":\"BreadcrumbList\",\"@id\":\"https:\\\/\\\/www.solidus.info\\\/en\\\/terms-and-conditions\\\/#breadcrumb\",\"itemListElement\":[{\"@type\":\"ListItem\",\"position\":1,\"name\":\"Start\",\"item\":\"https:\\\/\\\/www.solidus.info\\\/en\\\/\"},{\"@type\":\"ListItem\",\"position\":2,\"name\":\"Terms and Conditions\"}]},{\"@type\":\"WebSite\",\"@id\":\"https:\\\/\\\/www.solidus.info\\\/en\\\/wordpress\\\/#website\",\"url\":\"https:\\\/\\\/www.solidus.info\\\/en\\\/wordpress\\\/\",\"name\":\"Solidus Schuhe\",\"description\":\"Entdecke die bequemen und hochwertigen Schuhe von Solidus. Perfekt f\u00fcr empfindliche F\u00fc\u00dfe, orthop\u00e4dische Einlagen und maximalen Komfort. Finde jetzt deine neuen Lieblingsschuhe!\",\"publisher\":{\"@id\":\"https:\\\/\\\/www.solidus.info\\\/en\\\/wordpress\\\/#organization\"},\"alternateName\":\"Solidschuhwerk GmbH\",\"potentialAction\":[{\"@type\":\"SearchAction\",\"target\":{\"@type\":\"EntryPoint\",\"urlTemplate\":\"https:\\\/\\\/www.solidus.info\\\/en\\\/wordpress\\\/?s={search_term_string}\"},\"query-input\":{\"@type\":\"PropertyValueSpecification\",\"valueRequired\":true,\"valueName\":\"search_term_string\"}}],\"inLanguage\":\"en-US\"},{\"@type\":[\"Organization\",\"Place\"],\"@id\":\"https:\\\/\\\/www.solidus.info\\\/en\\\/wordpress\\\/#organization\",\"name\":\"Solidschuhwerk GmbH\",\"alternateName\":\"Solidus\",\"url\":\"https:\\\/\\\/www.solidus.info\\\/en\\\/wordpress\\\/\",\"logo\":{\"@id\":\"https:\\\/\\\/www.solidus.info\\\/en\\\/terms-and-conditions\\\/#local-main-organization-logo\"},\"image\":{\"@id\":\"https:\\\/\\\/www.solidus.info\\\/en\\\/terms-and-conditions\\\/#local-main-organization-logo\"},\"sameAs\":[\"https:\\\/\\\/de-de.facebook.com\\\/solidusschuhe\\\/\",\"https:\\\/\\\/www.instagram.com\\\/solidus_schuhe\\\/\",\"https:\\\/\\\/www.youtube.com\\\/channel\\\/UCkv6kZdHhJoNYI4Y0uu7naw\",\"https:\\\/\\\/de.linkedin.com\\\/company\\\/solidschuhwerk\"],\"description\":\"Solidus ist ein traditionsreicher deutscher Bequemschuhhersteller mit Sitz in Tuttlingen. Das Unternehmen entwickelt und produziert hochwertige Komfortschuhe, die auf Passform, Stabilit\u00e4t und sp\u00fcrbare Entlastung im Alltag ausgelegt sind \u2013 auch f\u00fcr sensible F\u00fc\u00dfe und besondere Anforderungen. Im Mittelpunkt stehen langlebige Materialien, sorgf\u00e4ltige Verarbeitung und ein hoher Qualit\u00e4tsanspruch \u201eMade in Europe\u201c. Solidus arbeitet eng mit dem Fachhandel zusammen und verbindet bew\u00e4hrtes Handwerk mit modernen Produktions- und Qualit\u00e4tsstandards.\",\"legalName\":\"Solidschuhwerk GmbH\",\"foundingDate\":\"1910-01-01\",\"numberOfEmployees\":{\"@type\":\"QuantitativeValue\",\"minValue\":\"11\",\"maxValue\":\"50\"},\"address\":{\"@id\":\"https:\\\/\\\/www.solidus.info\\\/en\\\/terms-and-conditions\\\/#local-main-place-address\"},\"geo\":{\"@type\":\"GeoCoordinates\",\"latitude\":\"47.98034890735268\",\"longitude\":\"8.81216515766976\"},\"telephone\":[\"0746196120\"],\"openingHoursSpecification\":[{\"@type\":\"OpeningHoursSpecification\",\"dayOfWeek\":[\"Monday\",\"Tuesday\",\"Wednesday\",\"Thursday\",\"Friday\",\"Saturday\",\"Sunday\"],\"opens\":\"09:00\",\"closes\":\"17:00\"}],\"email\":\"info@solidus.info\"},{\"@type\":\"PostalAddress\",\"@id\":\"https:\\\/\\\/www.solidus.info\\\/en\\\/terms-and-conditions\\\/#local-main-place-address\",\"streetAddress\":\"Ehrenbergstra\u00dfe 18\",\"addressLocality\":\"Tuttlingen\",\"postalCode\":\"78532\",\"addressRegion\":\"Baden-W\u00fcrttemberg\",\"addressCountry\":\"DE\"},{\"@type\":\"ImageObject\",\"inLanguage\":\"en-US\",\"@id\":\"https:\\\/\\\/www.solidus.info\\\/en\\\/terms-and-conditions\\\/#local-main-organization-logo\",\"url\":\"https:\\\/\\\/www.solidus.info\\\/wp-content\\\/uploads\\\/2025\\\/03\\\/Solidus_Logo_normal_flipping.png\",\"contentUrl\":\"https:\\\/\\\/www.solidus.info\\\/wp-content\\\/uploads\\\/2025\\\/03\\\/Solidus_Logo_normal_flipping.png\",\"width\":1000,\"height\":449,\"caption\":\"Solidschuhwerk GmbH\"}]}<\/script>\n<meta name=\"geo.placename\" content=\"Tuttlingen\" \/>\n<meta name=\"geo.position\" content=\"47.98034890735268;8.81216515766976\" \/>\n<meta name=\"geo.region\" content=\"Germany\" \/>\n<!-- \/ Yoast SEO Premium plugin. -->","yoast_head_json":{"title":"Allgemeine Gesch\u00e4ftsbedingungen \u2013 Solidus","description":"Hier findest du die Solidus AGB mit allen Infos zu Bestellung, Versand, R\u00fcckgabe und gesetzlichen Rechten","robots":{"index":"index","follow":"follow","max-snippet":"max-snippet:-1","max-image-preview":"max-image-preview:large","max-video-preview":"max-video-preview:-1"},"canonical":"https:\/\/www.solidus.info\/en\/terms-and-conditions\/","og_locale":"en_US","og_type":"article","og_title":"Terms and Conditions - Solidus Schuhe","og_description":"Entdecke Terms and Conditions von Solidus \u2013 hochwertige Bequemschuhe mit perfekter Passform, weichen Materialien und sp\u00fcrbarem Komfort f\u00fcr Deinen Alltag.","og_url":"https:\/\/www.solidus.info\/en\/terms-and-conditions\/","og_site_name":"Solidus Schuhe","article_publisher":"https:\/\/de-de.facebook.com\/solidusschuhe\/","article_modified_time":"2026-01-20T15:45:27+00:00","og_image":[{"width":2560,"height":1706,"url":"https:\/\/www.solidus.info\/wp-content\/uploads\/2026\/03\/Karima_45800_10343-70-scaled.jpg","type":"image\/jpeg"}],"twitter_card":"summary_large_image","twitter_misc":{"Est. reading time":"3 minutes"},"schema":{"@context":"https:\/\/schema.org","@graph":[{"@type":"WebPage","@id":"https:\/\/www.solidus.info\/en\/terms-and-conditions\/","url":"https:\/\/www.solidus.info\/en\/terms-and-conditions\/","name":"Allgemeine Gesch\u00e4ftsbedingungen \u2013 Solidus","isPartOf":{"@id":"https:\/\/www.solidus.info\/en\/wordpress\/#website"},"datePublished":"2025-03-13T14:56:22+00:00","dateModified":"2026-01-20T15:45:27+00:00","description":"Hier findest du die Solidus AGB mit allen Infos zu Bestellung, Versand, R\u00fcckgabe und gesetzlichen Rechten","breadcrumb":{"@id":"https:\/\/www.solidus.info\/en\/terms-and-conditions\/#breadcrumb"},"inLanguage":"en-US","potentialAction":[{"@type":"ReadAction","target":["https:\/\/www.solidus.info\/en\/terms-and-conditions\/"]}]},{"@type":"BreadcrumbList","@id":"https:\/\/www.solidus.info\/en\/terms-and-conditions\/#breadcrumb","itemListElement":[{"@type":"ListItem","position":1,"name":"Start","item":"https:\/\/www.solidus.info\/en\/"},{"@type":"ListItem","position":2,"name":"Terms and Conditions"}]},{"@type":"WebSite","@id":"https:\/\/www.solidus.info\/en\/wordpress\/#website","url":"https:\/\/www.solidus.info\/en\/wordpress\/","name":"Solidus Schuhe","description":"Entdecke die bequemen und hochwertigen Schuhe von Solidus. Perfekt f\u00fcr empfindliche F\u00fc\u00dfe, orthop\u00e4dische Einlagen und maximalen Komfort. Finde jetzt deine neuen Lieblingsschuhe!","publisher":{"@id":"https:\/\/www.solidus.info\/en\/wordpress\/#organization"},"alternateName":"Solidschuhwerk GmbH","potentialAction":[{"@type":"SearchAction","target":{"@type":"EntryPoint","urlTemplate":"https:\/\/www.solidus.info\/en\/wordpress\/?s={search_term_string}"},"query-input":{"@type":"PropertyValueSpecification","valueRequired":true,"valueName":"search_term_string"}}],"inLanguage":"en-US"},{"@type":["Organization","Place"],"@id":"https:\/\/www.solidus.info\/en\/wordpress\/#organization","name":"Solidschuhwerk GmbH","alternateName":"Solidus","url":"https:\/\/www.solidus.info\/en\/wordpress\/","logo":{"@id":"https:\/\/www.solidus.info\/en\/terms-and-conditions\/#local-main-organization-logo"},"image":{"@id":"https:\/\/www.solidus.info\/en\/terms-and-conditions\/#local-main-organization-logo"},"sameAs":["https:\/\/de-de.facebook.com\/solidusschuhe\/","https:\/\/www.instagram.com\/solidus_schuhe\/","https:\/\/www.youtube.com\/channel\/UCkv6kZdHhJoNYI4Y0uu7naw","https:\/\/de.linkedin.com\/company\/solidschuhwerk"],"description":"Solidus ist ein traditionsreicher deutscher Bequemschuhhersteller mit Sitz in Tuttlingen. Das Unternehmen entwickelt und produziert hochwertige Komfortschuhe, die auf Passform, Stabilit\u00e4t und sp\u00fcrbare Entlastung im Alltag ausgelegt sind \u2013 auch f\u00fcr sensible F\u00fc\u00dfe und besondere Anforderungen. Im Mittelpunkt stehen langlebige Materialien, sorgf\u00e4ltige Verarbeitung und ein hoher Qualit\u00e4tsanspruch \u201eMade in Europe\u201c. Solidus arbeitet eng mit dem Fachhandel zusammen und verbindet bew\u00e4hrtes Handwerk mit modernen Produktions- und Qualit\u00e4tsstandards.","legalName":"Solidschuhwerk GmbH","foundingDate":"1910-01-01","numberOfEmployees":{"@type":"QuantitativeValue","minValue":"11","maxValue":"50"},"address":{"@id":"https:\/\/www.solidus.info\/en\/terms-and-conditions\/#local-main-place-address"},"geo":{"@type":"GeoCoordinates","latitude":"47.98034890735268","longitude":"8.81216515766976"},"telephone":["0746196120"],"openingHoursSpecification":[{"@type":"OpeningHoursSpecification","dayOfWeek":["Monday","Tuesday","Wednesday","Thursday","Friday","Saturday","Sunday"],"opens":"09:00","closes":"17:00"}],"email":"info@solidus.info"},{"@type":"PostalAddress","@id":"https:\/\/www.solidus.info\/en\/terms-and-conditions\/#local-main-place-address","streetAddress":"Ehrenbergstra\u00dfe 18","addressLocality":"Tuttlingen","postalCode":"78532","addressRegion":"Baden-W\u00fcrttemberg","addressCountry":"DE"},{"@type":"ImageObject","inLanguage":"en-US","@id":"https:\/\/www.solidus.info\/en\/terms-and-conditions\/#local-main-organization-logo","url":"https:\/\/www.solidus.info\/wp-content\/uploads\/2025\/03\/Solidus_Logo_normal_flipping.png","contentUrl":"https:\/\/www.solidus.info\/wp-content\/uploads\/2025\/03\/Solidus_Logo_normal_flipping.png","width":1000,"height":449,"caption":"Solidschuhwerk GmbH"}]},"geo.placename":"Tuttlingen","geo.position":{"lat":"47.98034890735268","long":"8.81216515766976"},"geo.region":"Germany"},"_links":{"self":[{"href":"https:\/\/www.solidus.info\/en\/wp-json\/wp\/v2\/pages\/7758","targetHints":{"allow":["GET"]}}],"collection":[{"href":"https:\/\/www.solidus.info\/en\/wp-json\/wp\/v2\/pages"}],"about":[{"href":"https:\/\/www.solidus.info\/en\/wp-json\/wp\/v2\/types\/page"}],"author":[{"embeddable":true,"href":"https:\/\/www.solidus.info\/en\/wp-json\/wp\/v2\/users\/1"}],"replies":[{"embeddable":true,"href":"https:\/\/www.solidus.info\/en\/wp-json\/wp\/v2\/comments?post=7758"}],"version-history":[{"count":1,"href":"https:\/\/www.solidus.info\/en\/wp-json\/wp\/v2\/pages\/7758\/revisions"}],"predecessor-version":[{"id":7760,"href":"https:\/\/www.solidus.info\/en\/wp-json\/wp\/v2\/pages\/7758\/revisions\/7760"}],"wp:attachment":[{"href":"https:\/\/www.solidus.info\/en\/wp-json\/wp\/v2\/media?parent=7758"}],"curies":[{"name":"wp","href":"https:\/\/api.w.org\/{rel}","templated":true}]}}